{"id":7555,"date":"2017-06-23T11:21:55","date_gmt":"2017-06-23T11:21:55","guid":{"rendered":"http:\/\/www.centerveda.si\/?page_id=7555"},"modified":"2018-10-15T13:31:10","modified_gmt":"2018-10-15T13:31:10","slug":"zdravljenje-notranjega-otroka","status":"publish","type":"page","link":"https:\/\/www.centerveda.si\/at\/therapie\/","title":{"rendered":"Behandlungen des inneren kindes"},"content":{"rendered":"<p>[vc_row][vc_column][vc_empty_space height=&#8220;28px&#8220;]<div class=\"edgtf-numbered-title\">\n\t<div class=\"edgtf-nt-number\" >\n\t\t<span>\n\t\t\t\t\t<\/span>\n\t<\/div>\n\t<div class=\"edgtf-nt-title-subtitle-holder\">\n\t\t<h3 class=\"edgtf-nt-title\" >\n\t\t\tBEHANDLUNGEN DES INNEREN KINDES\t\t<\/h3>\n\t<\/div>\n<\/div>[vc_empty_space height=&#8220;20px&#8220;][vc_column_text]Dies ist ein starker Prozess, der Jeden von Allem befreit! Sie beginnen als eine v\u00f6llig unabh\u00e4ngige Seele ohne Bindungen und Einschr\u00e4nkungen zu leben! Sie werden frei und stark sein!<\/p>\n<p><strong>WARUM SOLLEN WIR DAS INNERE KIND BEHANDELN?<\/strong><br \/>\nIhr inneres Kind ist Ihre Seele. Wie kann man gl\u00fccklich und schmerzfrei sein, wenn ein kleines Junge \/ kleines M\u00e4dchen in einer Ecke steht und weint? Jeder hat seine eigene Kindheitstraumata, die sich in allen diesen Jahren Ihres Lebens gesammelt haben. Sie sind st\u00e4ndig auf der Suche nach etwas in der Au\u00dfenwelt, was Ihnen Frieden und Gl\u00fcck bringen wird. Sie f\u00fchlen Schmerzen in Ihrer Brust und f\u00fchlen sich atemberaubend, jeden Tag haben Sie dunkle Gedanken, Sie brauchen dringend Liebe, jemanden in Ihrer N\u00e4he, Sie k\u00f6nnen nicht schlafen, Sie sind eifersuchtig, Sie sind st\u00e4ndig m\u00fcde, w\u00fctend, ohne Lust zum leben, traurig.. . Ihre Seele ruft um Hilfe! H\u00f6ren Sie sie? H\u00f6ren Sie das kleine &#8218;Ding&#8216; in sich, dass Sie dringend braucht? Es gibt keine L\u00f6sung in der Au\u00dfenwelt! Behandeln Sie das innere Kind und werden Sie alle Ihre Schmerzen los!<\/p>\n<p>Nur so werden Sie eine solide Grundlage f\u00fcr ein friedliches, freudiges und gl\u00fcckliches Leben haben!<\/p>\n<p><strong>ERINNERN SIE SICH AN IHRE KINDHEIT MIT EINEM ANGENEHMEN ODER MIT ETWAS WENIGER ANGENEHMEN GEF\u00dcHL?<\/strong><br \/>\nDie meisten Menschen tragen Schmerz in ihren Herzen und dies aufgrund des Mangels and Liebe, oder wegen der strengen Erziehung, wegen Unverst\u00e4ndlichkeit der Eltern, Verlassenheit, wegen Zeitmangel f\u00fcr sich selbst, wegen k\u00f6rpelicher Gewalt.. Tiefe Wunden werden in unseren Herzen und in der Seele getragen (Alkoholismus, Verwahrlosung, Missbrauch &#8230;)<br \/>\nMit all diesen Gef\u00fchlen w\u00e4chst man auf und k\u00e4mpft mit ihnen, vor allem mit dem Versuch, die gleichen Muster bei Ihren Kindern nicht zu wiederholen. Und was passiert? Sie fangen an das gleiche zu tun bei der Bildung, und Sie benutzen die gleichen Worte wie Ihre Eltern.<\/p>\n<p>Ich spreche schon wieder wie meine Mutter! Warum? Ich will aber nicht so wie meine Mutter sein! Die Antwort liegt aber auf der Hand. Sie haben alle diese Muster zuhause gelernt. Ihr Unterbewusstsein kennt andere M\u00f6glichkeiten nicht.<\/p>\n<p>LIEBE ist der Basis-Kraftstoff f\u00fcr den Antrieb des Lebens und jede Art des Fehlens in Ihren Beziehungen mit Kindern, Partner, Eltern, Nachbarn, Kollegen, verursacht Schmerzen. Niemand ist daran schuld was Ihnen geschieht und es gibt leider keine Heilung, keinen Zauberstab, der dies heilen konnte. Sie k\u00f6nnen aber Ihr inneres Kind behandeln und mit ihm eine Verbindung herstellen.<\/p>\n<p>Ein Kind, dass in der Ecke Ihrer Seele in der Umarmung der Trauer und Schmerzen sitzt, bittet Sie um Hilfe!<\/p>\n<p><strong>H\u00d6REN SIE IHN?<\/strong><br \/>\nDie Behandlung des inneren Kindes \u00f6ffnet alle Schubladen der tief -vergrabenen Kindheit, die sich in dem Unterbewusstsein befinden.<br \/>\nUnser Geist ist wie ein Computer, der alle Ereignisse speichert &#8211; Worte, Situationen des Lebens seit unserer Sch\u00f6pfung.<\/p>\n<p>Alles was wir haben, ist in unserem Unterbewusstsein festgellegt und dies zeigt sich in unseren Lebenssituationen.<\/p>\n<p>Die falsche Erziehung von Eltern, Mangel an Liebe oder \u00fcberm\u00e4\u00dfige elterliche F\u00fcrsorge hinterlasse Wunden, die sich in Ihrer Pers\u00f6nlichkeit wiederspeigeln.<\/p>\n<p>Trauma, \u00c4ngste, unerkl\u00e4rliche Traurigkeit, schlechte Partnerbeziehungen, Panikattacken, Mangel an Selbstvertrauen, Selbstmisstrauen, Abneigung, Eifersucht, die Abh\u00e4ngigkeit von Partner, Groll, \u00c4rger &#8230;<\/p>\n<p>Alle diese Muser sind bewusstlose Briefmarken in unserer Pers\u00f6nlichkeit, die uns zur\u00fcckhalten.<\/p>\n<p>Die gr\u00f6\u00dften Trauma und falsche Muster bekommen Kinder zwischen den zweiten und dritten Lebensjahr, so ist die Behandlung des inneren Kindes von gro\u00dfer Bedeutung. Sie werden mit all diesen Ereignissen konfrontiert, an die Sie sich nicht errinern wollen.<\/p>\n<p>Sie werden erstaunt sein, was Sie als Kind erlebt haben und was Sie in Ihrer emotionalen Basis tragen. Wenn wir die Ursache finden, verwandelt sich das Bewusstsein. Das Leben bekommt sein Sinn wieder und die schwere Last des Lebens geht weg. Sie werden zur Freiheit stromaufw\u00e4rts segeln!<\/p>\n<p>ES IST BESONDERS WICHTIG, DASS SIE IN DEM PROZESS V\u00d6LLIG OFFEN UND AUFRICHTIG SIND!<br \/>\nDie Masken werden fallen! Sie schulden Ihrem inneren Kind, dass alle negative Emotionen losgelassen werden. Ansonsten ist es sinnlos, die Werkstatt zu besuchen. Sie m\u00fcssen den internen Anruf der Seele f\u00fchlen!<\/p>\n<p>Kommen Sie nicht deswegen, weil Ihnen jemand gesagt hat, dass dies g\u00fct f\u00fcr Sie w\u00e4re. Die Entscheidung muss von selbst kommen und weil Sie dies so f\u00fchlen! Der Prozess ist emotional und sehr intensiv!<\/p>\n<p>Auf dem Weg nach Hause, werden Sie durch die endg\u00fcltige Freiheit und Entlastung der Seele begleitet.<\/p>\n<p>Es ist wichtig, dass sie zur Werkstatt bequem gekleidet kommen&#8230; Bitte melden Sie sich nur dann an, wenn Sie f\u00fcr das Prozess der Heilung des inneren Kindes bereit sind.<\/p>\n<p>Workshops werden in Kleingruppen gehalten &#8230;[\/vc_column_text][vc_empty_space height=&#8220;28px&#8220;][\/vc_column][\/vc_row]<\/p>","protected":false},"excerpt":{"rendered":"<p>[vc_row][vc_column][vc_empty_space height=&#8220;28px&#8220;][vc_empty_space height=&#8220;20px&#8220;][vc_column_text]Dies ist ein starker Prozess, der Jeden von Allem befreit! Sie beginnen als eine v\u00f6llig unabh\u00e4ngige Seele ohne Bindungen und Einschr\u00e4nkungen zu leben! Sie werden frei und stark sein! WARUM SOLLEN WIR DAS INNERE KIND BEHANDELN? Ihr inneres Kind ist Ihre Seele. Wie&#8230;<\/p>\n","protected":false},"author":1,"featured_media":0,"parent":0,"menu_order":0,"comment_status":"closed","ping_status":"closed","template":"","meta":[],"_links":{"self":[{"href":"https:\/\/www.centerveda.si\/at\/wp-json\/wp\/v2\/pages\/7555"}],"collection":[{"href":"https:\/\/www.centerveda.si\/at\/wp-json\/wp\/v2\/pages"}],"about":[{"href":"https:\/\/www.centerveda.si\/at\/wp-json\/wp\/v2\/types\/page"}],"author":[{"embeddable":true,"href":"https:\/\/www.centerveda.si\/at\/wp-json\/wp\/v2\/users\/1"}],"replies":[{"embeddable":true,"href":"https:\/\/www.centerveda.si\/at\/wp-json\/wp\/v2\/comments?post=7555"}],"version-history":[{"count":26,"href":"https:\/\/www.centerveda.si\/at\/wp-json\/wp\/v2\/pages\/7555\/revisions"}],"predecessor-version":[{"id":7662,"href":"https:\/\/www.centerveda.si\/at\/wp-json\/wp\/v2\/pages\/7555\/revisions\/7662"}],"wp:attachment":[{"href":"https:\/\/www.centerveda.si\/at\/wp-json\/wp\/v2\/media?parent=7555"}],"curies":[{"name":"wp","href":"https:\/\/api.w.org\/{rel}","templated":true}]}}