{"id":7378,"date":"2017-02-20T12:44:51","date_gmt":"2017-02-20T12:44:51","guid":{"rendered":"http:\/\/www.centerveda.si\/?page_id=7378"},"modified":"2017-04-14T14:04:31","modified_gmt":"2017-04-14T14:04:31","slug":"individualno-intiutivno-svetvanje","status":"publish","type":"page","link":"https:\/\/www.centerveda.si\/at\/individuelle-beratung\/","title":{"rendered":"Individuelle Beratung"},"content":{"rendered":"<p>[vc_row][vc_column width=&#8220;1\/2&#8243;][vc_empty_space height=&#8220;28px&#8220;]<div class=\"edgtf-numbered-title\">\n\t<div class=\"edgtf-nt-number\" >\n\t\t<span>\n\t\t\t\t\t<\/span>\n\t<\/div>\n\t<div class=\"edgtf-nt-title-subtitle-holder\">\n\t\t<h3 class=\"edgtf-nt-title\" >\n\t\t\tINDIVIDUELLE BERATUNG\t\t<\/h3>\n\t<\/div>\n<\/div>[vc_empty_space height=&#8220;20px&#8220;][vc_column_text]<strong>INTUITIVE INDIVIDUELLE BERATUNG<\/strong><\/p>\n<p>Wissen Sie nicht mehr, was Sie in Ihrem Leben als n\u00e4chsten tun werden?<br \/>\nBrauchen Sie Hilfe um die wiederkehrende Muster im Leben zu l\u00f6sen?<br \/>\nSind Sie noch immer auf der Suche nach Iher Mission?<br \/>\nSuchen Sie Antworten auf Fragen, die sich auf Ihr Alltag beziehen?<\/p>\n<p>Mithilfe der Intuition, des Wissens, durch Unterst\u00fctzung Ihrer Seele und Geistesf\u00fchrer, werden wir zusammen den Schl\u00fcssel zu Ihrer gro\u00dfen Zukunf finden![\/vc_column_text][vc_empty_space height=&#8220;28px&#8220;][\/vc_column][vc_column width=&#8220;1\/2&#8243;][vc_single_image image=&#8220;7443&#8243; img_size=&#8220;full&#8220; alignment=&#8220;center&#8220; style=&#8220;vc_box_outline&#8220; border_color=&#8220;white&#8220;][\/vc_column][\/vc_row]<\/p>","protected":false},"excerpt":{"rendered":"<p>[vc_row][vc_column width=&#8220;1\/2&#8243;][vc_empty_space height=&#8220;28px&#8220;][vc_empty_space height=&#8220;20px&#8220;][vc_column_text]INTUITIVE INDIVIDUELLE BERATUNG Wissen Sie nicht mehr, was Sie in Ihrem Leben als n\u00e4chsten tun werden? Brauchen Sie Hilfe um die wiederkehrende Muster im Leben zu l\u00f6sen? Sind Sie noch immer auf der Suche nach Iher Mission? Suchen Sie Antworten auf Fragen,&#8230;<\/p>\n","protected":false},"author":1,"featured_media":0,"parent":0,"menu_order":0,"comment_status":"closed","ping_status":"closed","template":"","meta":[],"_links":{"self":[{"href":"https:\/\/www.centerveda.si\/at\/wp-json\/wp\/v2\/pages\/7378"}],"collection":[{"href":"https:\/\/www.centerveda.si\/at\/wp-json\/wp\/v2\/pages"}],"about":[{"href":"https:\/\/www.centerveda.si\/at\/wp-json\/wp\/v2\/types\/page"}],"author":[{"embeddable":true,"href":"https:\/\/www.centerveda.si\/at\/wp-json\/wp\/v2\/users\/1"}],"replies":[{"embeddable":true,"href":"https:\/\/www.centerveda.si\/at\/wp-json\/wp\/v2\/comments?post=7378"}],"version-history":[{"count":10,"href":"https:\/\/www.centerveda.si\/at\/wp-json\/wp\/v2\/pages\/7378\/revisions"}],"predecessor-version":[{"id":7511,"href":"https:\/\/www.centerveda.si\/at\/wp-json\/wp\/v2\/pages\/7378\/revisions\/7511"}],"wp:attachment":[{"href":"https:\/\/www.centerveda.si\/at\/wp-json\/wp\/v2\/media?parent=7378"}],"curies":[{"name":"wp","href":"https:\/\/api.w.org\/{rel}","templated":true}]}}