{"id":7365,"date":"2017-02-20T12:15:32","date_gmt":"2017-02-20T12:15:32","guid":{"rendered":"http:\/\/www.centerveda.si\/?page_id=7365"},"modified":"2017-04-14T14:01:43","modified_gmt":"2017-04-14T14:01:43","slug":"samansko-potovanje","status":"publish","type":"page","link":"https:\/\/www.centerveda.si\/at\/schamanische-reise\/","title":{"rendered":"Schamanische Reise"},"content":{"rendered":"<p>[vc_row][vc_column width=&#8220;1\/2&#8243;][vc_empty_space height=&#8220;28px&#8220;]<div class=\"edgtf-numbered-title\">\n\t<div class=\"edgtf-nt-number\" >\n\t\t<span>\n\t\t\t\t\t<\/span>\n\t<\/div>\n\t<div class=\"edgtf-nt-title-subtitle-holder\">\n\t\t<h3 class=\"edgtf-nt-title\" >\n\t\t\tSCHAMANISCHE REISE\t\t<\/h3>\n\t<\/div>\n<\/div>[vc_empty_space height=&#8220;20px&#8220;][vc_column_text]Eine Meditation mit meinen sibirischen Schamanentrommel!<\/p>\n<p>Hier schrieb ich &#8222;mein Schamanentrommel&#8220;, weil er f\u00fcr mich gemacht wurde, und die Symbole bzw. die Bemalung auf dem Trommel representiert meine Seele. Ich habe eine sehr verantwortliche, aber auch eine sehr sch\u00f6ne Aufgabe, dieses alte Werkzeug f\u00fcr uns alle zu benutzen, dass den Menschen mit dem g\u00f6ttlichen Impuls in die Mitte des Herzens bringt. Schamanentrommel sind kein Musikinstrument, und deswegen heilt der Klang der Trommel nicht. Mit der hergestellten Verbindung und dem Rhytmus der Trommel, kommen Geister und G\u00f6tter zu uns, die das Bewusstsein verbreiten und uns zeigen wer wir in wirklichkeit sind. Das sind diejenigen, die uns auf allen Ebenen helfen:<\/p>\n<ul>\n<li>Verbindung mit unseren Vorfahren &#8211; mit unseren Wurzeln,<\/li>\n<li>Verbindung mit dem Moment des Bewusstseins,<\/li>\n<li>Reduzierung von Stress,<\/li>\n<li>Erh\u00f6hung des Immunsystems,<\/li>\n<li>Aktivierung der Herzensfreude,<\/li>\n<li>Reinigung von negativen Energien aus dem K\u00f6rper,<\/li>\n<li>Aktivierung der DNA-Code, die die Zelltherapie aufl\u00f6st.<\/li>\n<\/ul>\n<p>Schamanische Trommeln sind f\u00fcr Menschen in allen Altersgruppen geeignet und haben auch eine sehr positive Auswirkung auf die Kinder, die dann in der Regel v\u00f6llig ruhig sitzen. F\u00fcr Kinder ist die Therapie ein bisschen kurzer.[\/vc_column_text][vc_empty_space height=&#8220;28px&#8220;][\/vc_column][vc_column width=&#8220;1\/2&#8243;][vc_single_image image=&#8220;7407&#8243; img_size=&#8220;full&#8220; alignment=&#8220;center&#8220; style=&#8220;vc_box_outline&#8220; border_color=&#8220;white&#8220;][\/vc_column][\/vc_row]<\/p>","protected":false},"excerpt":{"rendered":"<p>[vc_row][vc_column width=&#8220;1\/2&#8243;][vc_empty_space height=&#8220;28px&#8220;][vc_empty_space height=&#8220;20px&#8220;][vc_column_text]Eine Meditation mit meinen sibirischen Schamanentrommel! Hier schrieb ich &#8222;mein Schamanentrommel&#8220;, weil er f\u00fcr mich gemacht wurde, und die Symbole bzw. die Bemalung auf dem Trommel representiert meine Seele. Ich habe eine sehr verantwortliche, aber auch eine sehr sch\u00f6ne Aufgabe, dieses alte&#8230;<\/p>\n","protected":false},"author":1,"featured_media":0,"parent":0,"menu_order":0,"comment_status":"closed","ping_status":"closed","template":"","meta":[],"_links":{"self":[{"href":"https:\/\/www.centerveda.si\/at\/wp-json\/wp\/v2\/pages\/7365"}],"collection":[{"href":"https:\/\/www.centerveda.si\/at\/wp-json\/wp\/v2\/pages"}],"about":[{"href":"https:\/\/www.centerveda.si\/at\/wp-json\/wp\/v2\/types\/page"}],"author":[{"embeddable":true,"href":"https:\/\/www.centerveda.si\/at\/wp-json\/wp\/v2\/users\/1"}],"replies":[{"embeddable":true,"href":"https:\/\/www.centerveda.si\/at\/wp-json\/wp\/v2\/comments?post=7365"}],"version-history":[{"count":8,"href":"https:\/\/www.centerveda.si\/at\/wp-json\/wp\/v2\/pages\/7365\/revisions"}],"predecessor-version":[{"id":7510,"href":"https:\/\/www.centerveda.si\/at\/wp-json\/wp\/v2\/pages\/7365\/revisions\/7510"}],"wp:attachment":[{"href":"https:\/\/www.centerveda.si\/at\/wp-json\/wp\/v2\/media?parent=7365"}],"curies":[{"name":"wp","href":"https:\/\/api.w.org\/{rel}","templated":true}]}}