{"id":7174,"date":"2016-11-10T11:50:03","date_gmt":"2016-11-10T11:50:03","guid":{"rendered":"http:\/\/www.centerveda.si\/?page_id=7174"},"modified":"2016-11-18T12:24:06","modified_gmt":"2016-11-18T12:24:06","slug":"pogoji-uporabe","status":"publish","type":"page","link":"https:\/\/www.centerveda.si\/at\/nutzungsbedingungen\/","title":{"rendered":"Pogoji uporabe"},"content":{"rendered":"<p>[vc_row][vc_column]<div class=\"edgtf-numbered-title\">\n\t<div class=\"edgtf-nt-number\" >\n\t\t<span>\n\t\t\t\t\t<\/span>\n\t<\/div>\n\t<div class=\"edgtf-nt-title-subtitle-holder\">\n\t\t<h3 class=\"edgtf-nt-title\" >\n\t\t\tNUTZUNGSBEDINGUNGEN\t\t<\/h3>\n\t<\/div>\n<\/div>[vc_empty_space height=&#8220;20px&#8220;][vc_column_text]Nutzungsbedingungen der Webseite www.centerveda.si<\/p>\n<p>Mit den Regeln und Bedingungen f\u00fcr die Nutzung der Website www.centerveda.si sind Sie informiert, dass alle Inhalte, inklusiv Textinhalt, Design, Bilder und Domain der Home-Page geistiges Eigentum darstellen und gesch\u00fctzt sind. Sie sollen als Eigentum der Autoren und Rechteinhaber (im Folgenden Centerveda) angenommen werden und jede Verletzung oder Missbrauch von Rechten an geistigem Eigentum bietet eine Grundlage f\u00fcr eine Straftat und f\u00fcr eine M\u00f6glichkeit der Entsch\u00e4digungsfestsetzung.<br \/>\nAllgemeine Bedingungen f\u00fcr die Verwendung der www.centerveda.si Webseite sch\u00fctzen die Rechte der Benutzer der Website und die Rechte von Centerveda. Durch die Verwendung dieser Webseite sind Sie verpflichtet die Webseite auf die Art und Weise zu verwenden unter den Bedinungen in diesem Dokument.<\/p>\n<p><strong>Inhalt der Website<\/strong><br \/>\nwww.centerveda.si stellt Informationen \u00fcber das Unternehmen und den aktuellen Angebot Centerveda bereit. Das Material auf der Webseite www.centerveda.si wird nur f\u00fcr kommerzielle und informative Gr\u00fcnde bestimmt und ist ausschlie\u00dflich f\u00fcr den privaten Gebrauch bestimmt. Die Nutzung der Webseite erfolgt auf eigene Gefahr.<\/p>\n<p><strong>Haftungsausschluss<\/strong><br \/>\nDie www.centerveda.si Webseite wurde mit gr\u00f6\u00dfer Sorgfalt gepflegt. Dennoch kann das Unternehmen Mateja Jurkas s.p. nicht immer f\u00fcr Aktualit\u00e4t, Regelm\u00e4\u00dfigkeit oder Richtigkeit der Seite garantieren. Alle Informationen auf der Webseite k\u00f6nnen jederzeit ohne vorherige Ank\u00fcndigung ge\u00e4ndert werden.<br \/>\nEbenfalls wird keine Haftung f\u00fcr Sch\u00e4den \u00fcbernommen, die durch den unsachgem\u00e4\u00dferen Betrieb direkt oder indirekt oder sogar die Unzug\u00e4nglichkeit dieser Webseite gef\u00fchrt wird. Im Falle der Referenz oder Verbindung der Webseite mit dritten Subjekten, \u00fcbernimmt das Unternehmen Mateja Jurkas s.p. keine Verantwortung f\u00fcr den Inhalt oder die unsachgem\u00e4\u00dfe Bedienung dieser Webseite.<\/p>\n<p><strong>Copyright<\/strong><br \/>\nAlle Inhalte und Dienstleistungen von Mateja Jurkas s.p., die auf der Webseite www.centerveda.si verf\u00fcgbar sind, sind gesch\u00fctzt und im Besitzt von Mateja Jurskas s.p. Dies gilt ebenso f\u00fcr alle Design-L\u00f6sungen, Inhalte der Seite, Bilder, Domain und alle Rechte (materielle und moralische), in einigen Teilen oder in der Gesamtheit, die nach dem geistigen Eigentum gesch\u00fctzt sind und das Eigentum des Zentrums Veda (Centerveda) repr\u00e4sentieren. Illegale Handlungen, Verwendungen oder Missbrauch dieser Rechte ist eine Straftat und bedeutet eine Grundlage f\u00fcr eine Entsch\u00e4digung.<br \/>\nAlle Fotos und Bilder, unabh\u00e4ngig davon, ob sie individuell Eigentum von Centerveda bezeichnen, geh\u00f6ren ebenfalls zu dem geistigen Eigentum.<\/p>\n<p><strong>Schutz von personenbezogener Daten<\/strong><br \/>\nDas Unternehmen Mateja Jurkas s.p. ist verpflichtet die Informationen zu liefern, die Sie \u00fcber die Webseite www.centerveda.si ben\u00f6tigen. Diese Informationen werden nicht an dritte Subjekte verkauft, verleihen oder anderseits zug\u00e4nglich gemacht. Alle Informationen werden vertraulich behandelt und nur f\u00fcr interne Aufzeichnungen verwendet oder f\u00fcr den Zweck, f\u00fcr den sie \u00fcbermittelt worden sind. Ihre Daten werden ebenso sorgf\u00e4ltig von dem Missbrauch, unbefugtem Zugriff, Offenlegung, Ver\u00e4nderung oder Zerst\u00f6rung gesch\u00fctzt.<\/p>\n<p>Die Webseite www.centerveda.si verwendet &#8218;Cookies&#8216;. Wir verwenden nur Cookies, die f\u00fcr den Betrieb der Webseite zwingend erforderlich sind. Das sind kleine Dateien, die auf der Seiten auf Ihrer Festplatte beim Besuch gespeichert werden. Die Cookies k\u00f6nnen Ihr zuk\u00fcnftiges Besuch der Webseite erleichtern. Mit den Einstellungen in Ihrem Browser k\u00f6nnen Sie sich entscheiden, ob Sie Cookies akzeptieren oder ablehnen.<br \/>\nWenn Sie Cookies ablehnen, k\u00f6nnen einige Webseiten nicht korrekt angezeigt werden, oder die Seite verliert an ihrer Funktionalit\u00e4t.<\/p>\n<p><strong>\u00c4nderungen der Nutzungsbedingungen<\/strong><br \/>\nCenterveda beh\u00e4lt sich das Recht vor, die Nutzungsbedingungen jeder Zeit zu \u00e4ndern. Eine \u00c4nderung tritt in Kraft auf, wenn sie auf der Webseite ver\u00f6ffentlicht wird. Die Besucher und Nutzer der Website sollen mit den \u00c4nderungen vertraut sein und sie ebenfalls ber\u00fccksichtigen. Dieser Vertrag gilt bis eine von den Parteien sie unterbricht. Sie k\u00f6nnen jeder Zeit die Vereinbarung widerrufen und k\u00fcndigen, in dem sie die Webseite www.centerveda.si nicht mehr besuchen und alle Materialien zerst\u00f6ren die Sie aufgelesen, gedruckt oder in irgendeiner anderen Form gespeichert oder heruntergeladen haben.[\/vc_column_text][\/vc_column][\/vc_row]<\/p>","protected":false},"excerpt":{"rendered":"<p>[vc_row][vc_column][vc_empty_space height=&#8220;20px&#8220;][vc_column_text]Nutzungsbedingungen der Webseite www.centerveda.si Mit den Regeln und Bedingungen f\u00fcr die Nutzung der Website www.centerveda.si sind Sie informiert, dass alle Inhalte, inklusiv Textinhalt, Design, Bilder und Domain der Home-Page geistiges Eigentum darstellen und gesch\u00fctzt sind. Sie sollen als Eigentum der Autoren und Rechteinhaber (im&#8230;<\/p>\n","protected":false},"author":1,"featured_media":0,"parent":0,"menu_order":0,"comment_status":"closed","ping_status":"closed","template":"","meta":[],"_links":{"self":[{"href":"https:\/\/www.centerveda.si\/at\/wp-json\/wp\/v2\/pages\/7174"}],"collection":[{"href":"https:\/\/www.centerveda.si\/at\/wp-json\/wp\/v2\/pages"}],"about":[{"href":"https:\/\/www.centerveda.si\/at\/wp-json\/wp\/v2\/types\/page"}],"author":[{"embeddable":true,"href":"https:\/\/www.centerveda.si\/at\/wp-json\/wp\/v2\/users\/1"}],"replies":[{"embeddable":true,"href":"https:\/\/www.centerveda.si\/at\/wp-json\/wp\/v2\/comments?post=7174"}],"version-history":[{"count":6,"href":"https:\/\/www.centerveda.si\/at\/wp-json\/wp\/v2\/pages\/7174\/revisions"}],"predecessor-version":[{"id":7249,"href":"https:\/\/www.centerveda.si\/at\/wp-json\/wp\/v2\/pages\/7174\/revisions\/7249"}],"wp:attachment":[{"href":"https:\/\/www.centerveda.si\/at\/wp-json\/wp\/v2\/media?parent=7174"}],"curies":[{"name":"wp","href":"https:\/\/api.w.org\/{rel}","templated":true}]}}