{"id":7116,"date":"2016-11-04T14:20:01","date_gmt":"2016-11-04T14:20:01","guid":{"rendered":"http:\/\/www.centerveda.si\/?page_id=7116"},"modified":"2017-01-25T12:59:34","modified_gmt":"2017-01-25T12:59:34","slug":"o-avtorjih","status":"publish","type":"page","link":"https:\/\/www.centerveda.si\/at\/uber-die-autoren\/","title":{"rendered":"\u00dcber die autoren"},"content":{"rendered":"<p>[vc_row][vc_column width=&#8220;1\/2&#8243;]<div class=\"edgtf-numbered-title\">\n\t<div class=\"edgtf-nt-number\" >\n\t\t<span>\n\t\t\t\t\t<\/span>\n\t<\/div>\n\t<div class=\"edgtf-nt-title-subtitle-holder\">\n\t\t<h3 class=\"edgtf-nt-title\" >\n\t\t\t\u00dcBER DIE AUTOREN\t\t<\/h3>\n\t<\/div>\n<\/div>[vc_empty_space height=&#8220;20px&#8220;]<div class=\"edgtf-numbered-title\">\n\t<div class=\"edgtf-nt-number\" >\n\t\t<span>\n\t\t\t\t\t<\/span>\n\t<\/div>\n\t<div class=\"edgtf-nt-title-subtitle-holder\">\n\t\t<h4 class=\"edgtf-nt-title\" >\n\t\t\tVorbereitung der webseite\t\t<\/h4>\n\t<\/div>\n<\/div>[vc_empty_space height=&#8220;10px&#8220;][vc_column_text]Die Ausf\u00fchrung und Aufbau der Website wurde von Comma d.o.o. durchgef\u00fchrt. Mehr Informationen \u00fcber die Gestaltung der modernen Web-Seiten finden Sie auf: <a href=\"http:\/\/www.comma-it.com\/at\/\" target=\"_new\">www.comma-it.com<\/a>.[\/vc_column_text][vc_empty_space height=&#8220;20px&#8220;]<div class=\"edgtf-numbered-title\">\n\t<div class=\"edgtf-nt-number\" >\n\t\t<span>\n\t\t\t\t\t<\/span>\n\t<\/div>\n\t<div class=\"edgtf-nt-title-subtitle-holder\">\n\t\t<h4 class=\"edgtf-nt-title\" >\n\t\t\tText- und bildgestaltung\t\t<\/h4>\n\t<\/div>\n<\/div>[vc_empty_space height=&#8220;10px&#8220;][vc_column_text]Die Herausgeberin von Texten ist Mateja Jurkas, die auch an der Verteilung der Inhalte und Sammlung von Bildmaterial beteiligt war.[\/vc_column_text][vc_empty_space height=&#8220;20px&#8220;][\/vc_column][vc_column width=&#8220;1\/2&#8243;][vc_single_image image=&#8220;6453&#8243; img_size=&#8220;full&#8220; alignment=&#8220;center&#8220;][vc_empty_space height=&#8220;20px&#8220;][vc_column_text]<\/p>\n<div style=\"text-align: center;\"><\/div>\n<div style=\"text-align: center;\"><strong>Mateja Jurkas s.p.<\/strong><br \/>\nKvedrova ulica 41 \u2013 Gaj<br \/>\n2331 Pragersko &#8211; Slowenien<\/div>\n<p>[\/vc_column_text][vc_empty_space height=&#8220;20px&#8220;][\/vc_column][\/vc_row]<\/p>","protected":false},"excerpt":{"rendered":"<p>[vc_row][vc_column width=&#8220;1\/2&#8243;][vc_empty_space height=&#8220;20px&#8220;][vc_empty_space height=&#8220;10px&#8220;][vc_column_text]Die Ausf\u00fchrung und Aufbau der Website wurde von Comma d.o.o. durchgef\u00fchrt. Mehr Informationen \u00fcber die Gestaltung der modernen Web-Seiten finden Sie auf: www.comma-it.com.[\/vc_column_text][vc_empty_space height=&#8220;20px&#8220;][vc_empty_space height=&#8220;10px&#8220;][vc_column_text]Die Herausgeberin von Texten ist Mateja Jurkas, die auch an der Verteilung der Inhalte und Sammlung von Bildmaterial&#8230;<\/p>\n","protected":false},"author":1,"featured_media":0,"parent":0,"menu_order":0,"comment_status":"closed","ping_status":"closed","template":"","meta":[],"_links":{"self":[{"href":"https:\/\/www.centerveda.si\/at\/wp-json\/wp\/v2\/pages\/7116"}],"collection":[{"href":"https:\/\/www.centerveda.si\/at\/wp-json\/wp\/v2\/pages"}],"about":[{"href":"https:\/\/www.centerveda.si\/at\/wp-json\/wp\/v2\/types\/page"}],"author":[{"embeddable":true,"href":"https:\/\/www.centerveda.si\/at\/wp-json\/wp\/v2\/users\/1"}],"replies":[{"embeddable":true,"href":"https:\/\/www.centerveda.si\/at\/wp-json\/wp\/v2\/comments?post=7116"}],"version-history":[{"count":19,"href":"https:\/\/www.centerveda.si\/at\/wp-json\/wp\/v2\/pages\/7116\/revisions"}],"predecessor-version":[{"id":7360,"href":"https:\/\/www.centerveda.si\/at\/wp-json\/wp\/v2\/pages\/7116\/revisions\/7360"}],"wp:attachment":[{"href":"https:\/\/www.centerveda.si\/at\/wp-json\/wp\/v2\/media?parent=7116"}],"curies":[{"name":"wp","href":"https:\/\/api.w.org\/{rel}","templated":true}]}}