{"id":7086,"date":"2016-10-30T22:40:43","date_gmt":"2016-10-30T22:40:43","guid":{"rendered":"http:\/\/www.commaserver.com\/centerveda\/?page_id=7086"},"modified":"2017-04-20T09:20:23","modified_gmt":"2017-04-20T09:20:23","slug":"nega-z-lasersko-tehnologijo","status":"publish","type":"page","link":"https:\/\/www.centerveda.si\/at\/lasertechnikbehandlung\/","title":{"rendered":"LASERTECHNIKBEHANDLUNG"},"content":{"rendered":"<p>[vc_row][vc_column width=&#8220;1\/2&#8243;]<div class=\"edgtf-numbered-title\">\n\t<div class=\"edgtf-nt-number\" >\n\t\t<span>\n\t\t\t\t\t<\/span>\n\t<\/div>\n\t<div class=\"edgtf-nt-title-subtitle-holder\">\n\t\t<h3 class=\"edgtf-nt-title\" >\n\t\t\tLASERTECHNIKBEHANDLUNG\t\t<\/h3>\n\t<\/div>\n<\/div>[vc_empty_space height=&#8220;20px&#8220;][vc_column_text]In unserem Zentrum der Gesundheit und Sch\u00f6nheit investieren wir in Spitzentechnologie, mit deren wir die besten Ergebnisse der K\u00f6rper- und Gesichtsbehandlung anbieten.<\/p>\n<p>Mit der Laser-Technologie erm\u00f6glichen wir unseren Kunden erfolgreiche und langbleibige Ergebnisse und nat\u00fcrlich ein wundersch\u00f6nes Aussehen.<br \/>\nEntscheiden Sie sich f\u00fcr eine Behandlung mit Lasertechnologie, wenn Sie folgende Ergebnisse wollen:<\/p>\n<ul>\n<li>langbleibige, sichere und schmerzlose Haarentferung am Gesicht und am K\u00f6rper,<\/li>\n<li>Photoverj\u00fcngung,<\/li>\n<li>Entfernung von dunklen Hautflecken,<\/li>\n<li>Entfernung von Kapillaren,<\/li>\n<li>Aknebehandlung,<\/li>\n<li>Beseitigung von Pilzinfektionen \u00a0in den N\u00e4geln.<\/li>\n<\/ul>\n<p>[\/vc_column_text][vc_empty_space height=&#8220;28px&#8220;][\/vc_column][vc_column width=&#8220;1\/2&#8243;][vc_single_image image=&#8220;7004&#8243; img_size=&#8220;full&#8220; alignment=&#8220;center&#8220; style=&#8220;vc_box_outline&#8220; border_color=&#8220;white&#8220;][\/vc_column][\/vc_row]<\/p>","protected":false},"excerpt":{"rendered":"<p>[vc_row][vc_column width=&#8220;1\/2&#8243;][vc_empty_space height=&#8220;20px&#8220;][vc_column_text]In unserem Zentrum der Gesundheit und Sch\u00f6nheit investieren wir in Spitzentechnologie, mit deren wir die besten Ergebnisse der K\u00f6rper- und Gesichtsbehandlung anbieten. Mit der Laser-Technologie erm\u00f6glichen wir unseren Kunden erfolgreiche und langbleibige Ergebnisse und nat\u00fcrlich ein wundersch\u00f6nes Aussehen. Entscheiden Sie sich f\u00fcr eine&#8230;<\/p>\n","protected":false},"author":2,"featured_media":0,"parent":0,"menu_order":0,"comment_status":"closed","ping_status":"closed","template":"","meta":[],"_links":{"self":[{"href":"https:\/\/www.centerveda.si\/at\/wp-json\/wp\/v2\/pages\/7086"}],"collection":[{"href":"https:\/\/www.centerveda.si\/at\/wp-json\/wp\/v2\/pages"}],"about":[{"href":"https:\/\/www.centerveda.si\/at\/wp-json\/wp\/v2\/types\/page"}],"author":[{"embeddable":true,"href":"https:\/\/www.centerveda.si\/at\/wp-json\/wp\/v2\/users\/2"}],"replies":[{"embeddable":true,"href":"https:\/\/www.centerveda.si\/at\/wp-json\/wp\/v2\/comments?post=7086"}],"version-history":[{"count":14,"href":"https:\/\/www.centerveda.si\/at\/wp-json\/wp\/v2\/pages\/7086\/revisions"}],"predecessor-version":[{"id":7531,"href":"https:\/\/www.centerveda.si\/at\/wp-json\/wp\/v2\/pages\/7086\/revisions\/7531"}],"wp:attachment":[{"href":"https:\/\/www.centerveda.si\/at\/wp-json\/wp\/v2\/media?parent=7086"}],"curies":[{"name":"wp","href":"https:\/\/api.w.org\/{rel}","templated":true}]}}