{"id":7071,"date":"2016-10-30T21:26:39","date_gmt":"2016-10-30T21:26:39","guid":{"rendered":"http:\/\/www.commaserver.com\/centerveda\/?page_id=7071"},"modified":"2017-04-14T14:36:08","modified_gmt":"2017-04-14T14:36:08","slug":"pogovor-s-preminulimi","status":"publish","type":"page","link":"https:\/\/www.centerveda.si\/at\/tgesprache-durch-ein-hellseherisches-medium\/","title":{"rendered":"Gespr\u00e4che durch ein hellseherisches medium"},"content":{"rendered":"<p>[vc_row][vc_column width=&#8220;1\/2&#8243;]<div class=\"edgtf-numbered-title\">\n\t<div class=\"edgtf-nt-number\" >\n\t\t<span>\n\t\t\t\t\t<\/span>\n\t<\/div>\n\t<div class=\"edgtf-nt-title-subtitle-holder\">\n\t\t<h3 class=\"edgtf-nt-title\" >\n\t\t\tGESPR\u00c4CHE DURCH EIN HELLSEHERISCHES MEDIUM\t\t<\/h3>\n\t<\/div>\n<\/div>[vc_empty_space height=&#8220;20px&#8220;][vc_column_text]WAS BETR\u00c4GT EINE BERATUNG MITHILFE VON EINEM HELLSEHERISCHEN MEDIUM?<\/p>\n<p>Hier geht es um eine Form der Beratung in der wir mit Hilfe der geistigen F\u00fchrung mit der k\u00f6rperlich- verstorbenen Person bzw. mit Ihrer Seele kommunizieren.<\/p>\n<p>Die Seelen der geistigen Welt bringen viel Liebe und verschiedene Botschaften, sodass wir uns von ihnen nicht f\u00fcrchten sollen. Filme beispielsweise enthalten viele Missverst\u00e4ndnisse. Der erster Kontakt wird leicht und liebevoll stattfinden.<\/p>\n<p>WANN SOLLTEN SIE ZUR DIESER BERATUNG KOMMEN?<\/p>\n<ul>\n<li>Wenn Sie einen tieferen und inneren Frieden wollen,<\/li>\n<li>wenn Sie in Ihrem Leben mehr Authentizit\u00e4t wollen,<\/li>\n<li>wenn Sie ein neues Leben f\u00fchren wollen,<\/li>\n<li>wenn Sie allgemein Ihr Leben verbessern wollen.<\/li>\n<\/ul>\n<p>DER VERLAUF DER BERATUNG<\/p>\n<p>Wir empfehlen den Besucht bei uns nicht fr\u00fcher als 6 Monate nach der Abreise der Seele des Verstorbenen vom physischen K\u00f6rper\/Leben, weil es sich in der geistigen Welt zu einer neuen Lebensform anpassen muss.<\/p>\n<p>Die Beratung dauert von 30 bis 90 Minuten. Die Seele best\u00e4tigt ihre Identit\u00e4t mit schon bisherigen Leben. Dann folgen die Nachrichten die f\u00fcr Sie bestimmt sind. In meisten F\u00e4llen taucht nicht nur eine Seele auf, sondern von mehreren Personen, die Ihnen eine Nachricht \u00fcbergeben wollen.<\/p>\n<p>Es ist notwendig zu wissen, dass die \u2018Arbeit\u2019 mit den verstorbenen Seelen v\u00f6llig anders ist, als mit den Engel. Es h\u00e4ngt auch davon ab, wieviel Zeit schon seit den psysischen Tod vergangen ist und ob sich die Seele vielleicht schon reinkarniert hat. Die Seelen entscheiden selbst, wann und mit wem sie kommunizieren werden, daher ist es manchmal notwendig eine Zeit zu warten.<\/p>\n<p>In vielen F\u00e4llen sind Fragen v\u00f6llig unn\u00f6tig, weil schon sehr viele \u2018L\u00fccken\u2019 mit der seelischen Anwesenheit gef\u00fcllt werden.[\/vc_column_text][vc_empty_space height=&#8220;28px&#8220;][\/vc_column][vc_column width=&#8220;1\/2&#8243;][vc_single_image image=&#8220;7072&#8243; img_size=&#8220;full&#8220; alignment=&#8220;center&#8220; style=&#8220;vc_box_outline&#8220; border_color=&#8220;white&#8220;][\/vc_column][\/vc_row]<\/p>","protected":false},"excerpt":{"rendered":"<p>[vc_row][vc_column width=&#8220;1\/2&#8243;][vc_empty_space height=&#8220;20px&#8220;][vc_column_text]WAS BETR\u00c4GT EINE BERATUNG MITHILFE VON EINEM HELLSEHERISCHEN MEDIUM? Hier geht es um eine Form der Beratung in der wir mit Hilfe der geistigen F\u00fchrung mit der k\u00f6rperlich- verstorbenen Person bzw. mit Ihrer Seele kommunizieren. Die Seelen der geistigen Welt bringen viel Liebe&#8230;<\/p>\n","protected":false},"author":2,"featured_media":0,"parent":0,"menu_order":0,"comment_status":"closed","ping_status":"closed","template":"","meta":[],"_links":{"self":[{"href":"https:\/\/www.centerveda.si\/at\/wp-json\/wp\/v2\/pages\/7071"}],"collection":[{"href":"https:\/\/www.centerveda.si\/at\/wp-json\/wp\/v2\/pages"}],"about":[{"href":"https:\/\/www.centerveda.si\/at\/wp-json\/wp\/v2\/types\/page"}],"author":[{"embeddable":true,"href":"https:\/\/www.centerveda.si\/at\/wp-json\/wp\/v2\/users\/2"}],"replies":[{"embeddable":true,"href":"https:\/\/www.centerveda.si\/at\/wp-json\/wp\/v2\/comments?post=7071"}],"version-history":[{"count":7,"href":"https:\/\/www.centerveda.si\/at\/wp-json\/wp\/v2\/pages\/7071\/revisions"}],"predecessor-version":[{"id":7518,"href":"https:\/\/www.centerveda.si\/at\/wp-json\/wp\/v2\/pages\/7071\/revisions\/7518"}],"wp:attachment":[{"href":"https:\/\/www.centerveda.si\/at\/wp-json\/wp\/v2\/media?parent=7071"}],"curies":[{"name":"wp","href":"https:\/\/api.w.org\/{rel}","templated":true}]}}