{"id":7054,"date":"2016-10-29T18:02:15","date_gmt":"2016-10-29T18:02:15","guid":{"rendered":"http:\/\/www.commaserver.com\/centerveda\/?page_id=7054"},"modified":"2017-04-28T11:18:05","modified_gmt":"2017-04-28T11:18:05","slug":"lasersko-odstranjevanje-glivic","status":"publish","type":"page","link":"https:\/\/www.centerveda.si\/at\/laserentfernung-von-pilzen\/","title":{"rendered":"Laserentfernung von Pilzen"},"content":{"rendered":"<p>[vc_row][vc_column width=&#8220;1\/2&#8243;]<div class=\"edgtf-numbered-title\">\n\t<div class=\"edgtf-nt-number\" >\n\t\t<span>\n\t\t\t\t\t<\/span>\n\t<\/div>\n\t<div class=\"edgtf-nt-title-subtitle-holder\">\n\t\t<h3 class=\"edgtf-nt-title\" >\n\t\t\tLASERENTFERNUNG VON PILZEN\t\t<\/h3>\n\t<\/div>\n<\/div>[vc_empty_space height=&#8220;20px&#8220;][vc_column_text]F\u00fcr eingerichtete, sch\u00f6ne und gesunde N\u00e4gel, bieten wir Ihnen die Laserablation von Pilzen. Sie erreichen mit dieser Therapie:<\/p>\n<ul>\n<li>eine bessere Lichtdurchl\u00e4ssigkeit in der Nagelplatte,<\/li>\n<li>eine sichere Therapie ohne Nebenwirkungen,<\/li>\n<li>wirksame und schnelle Ergebnisse,<\/li>\n<li>bessere Auswirkungen auf den Wiederaufbau von N\u00e4gel.<\/li>\n<\/ul>\n<p>[\/vc_column_text][vc_empty_space height=&#8220;28px&#8220;][\/vc_column][vc_column width=&#8220;1\/2&#8243;][vc_single_image image=&#8220;6924&#8243; img_size=&#8220;full&#8220; alignment=&#8220;center&#8220; style=&#8220;vc_box_outline&#8220; border_color=&#8220;white&#8220;][\/vc_column][\/vc_row]<\/p>","protected":false},"excerpt":{"rendered":"<p>[vc_row][vc_column width=&#8220;1\/2&#8243;][vc_empty_space height=&#8220;20px&#8220;][vc_column_text]F\u00fcr eingerichtete, sch\u00f6ne und gesunde N\u00e4gel, bieten wir Ihnen die Laserablation von Pilzen. Sie erreichen mit dieser Therapie: eine bessere Lichtdurchl\u00e4ssigkeit in der Nagelplatte, eine sichere Therapie ohne Nebenwirkungen, wirksame und schnelle Ergebnisse, bessere Auswirkungen auf den Wiederaufbau von N\u00e4gel. [\/vc_column_text][vc_empty_space height=&#8220;28px&#8220;][\/vc_column][vc_column width=&#8220;1\/2&#8243;][vc_single_image&#8230;<\/p>\n","protected":false},"author":2,"featured_media":0,"parent":0,"menu_order":0,"comment_status":"closed","ping_status":"closed","template":"","meta":[],"_links":{"self":[{"href":"https:\/\/www.centerveda.si\/at\/wp-json\/wp\/v2\/pages\/7054"}],"collection":[{"href":"https:\/\/www.centerveda.si\/at\/wp-json\/wp\/v2\/pages"}],"about":[{"href":"https:\/\/www.centerveda.si\/at\/wp-json\/wp\/v2\/types\/page"}],"author":[{"embeddable":true,"href":"https:\/\/www.centerveda.si\/at\/wp-json\/wp\/v2\/users\/2"}],"replies":[{"embeddable":true,"href":"https:\/\/www.centerveda.si\/at\/wp-json\/wp\/v2\/comments?post=7054"}],"version-history":[{"count":7,"href":"https:\/\/www.centerveda.si\/at\/wp-json\/wp\/v2\/pages\/7054\/revisions"}],"predecessor-version":[{"id":7536,"href":"https:\/\/www.centerveda.si\/at\/wp-json\/wp\/v2\/pages\/7054\/revisions\/7536"}],"wp:attachment":[{"href":"https:\/\/www.centerveda.si\/at\/wp-json\/wp\/v2\/media?parent=7054"}],"curies":[{"name":"wp","href":"https:\/\/api.w.org\/{rel}","templated":true}]}}