{"id":7037,"date":"2016-10-27T15:28:08","date_gmt":"2016-10-27T15:28:08","guid":{"rendered":"http:\/\/www.commaserver.com\/centerveda\/?page_id=7037"},"modified":"2018-05-22T16:29:36","modified_gmt":"2018-05-22T16:29:36","slug":"angelska-ciscenja","status":"publish","type":"page","link":"https:\/\/www.centerveda.si\/at\/reinigung-mit-engeltherapie\/","title":{"rendered":"Reinigung mit engeltherapie"},"content":{"rendered":"<p>[vc_row][vc_column width=&#8220;1\/2&#8243;][vc_empty_space height=&#8220;28px&#8220;][vc_raw_html]JTNDc3BhbiUyMGNsYXNzJTNEJTIyYW5jaG9yJTIyJTNFJTNDYSUyMGlkJTNEJTIya3Jpc3RhbG5hcG9zdGVsamElMjIlM0UlM0MlMkZhJTNFJTNDJTJGc3BhbiUzRQ==[\/vc_raw_html]<div class=\"edgtf-numbered-title\">\n\t<div class=\"edgtf-nt-number\" >\n\t\t<span>\n\t\t\t\t\t<\/span>\n\t<\/div>\n\t<div class=\"edgtf-nt-title-subtitle-holder\">\n\t\t<h3 class=\"edgtf-nt-title\" >\n\t\t\tREINIGUNG MIT ENGELTHERAPIE\t\t<\/h3>\n\t<\/div>\n<\/div>[vc_empty_space height=&#8220;20px&#8220;][vc_column_text]Um Ihre Vitalit\u00e4t zu steigern, verwenden wir die Engeltherapie, mit der Ihre Chakren gereinigt werden. Damit helfen wir Ihnen Ihre Gesundheit zu balansieren und den K\u00f6rper von negativen Einfl\u00fcssen zu sch\u00fctzen. Wenn Sie traurig sind und in in Ihrem Leben kein Sinn mehr finden, helfen wir Ihnen das Herz wieder zu \u00f6ffnen, damit Sie auf neu beginnen k\u00f6nnen.<\/p>\n<p>Wenn Sie das Gef\u00fchl haben, dass Ihnen jemand die Lebensenergie wegnimmt oder saugt, um Ihr Leben zu kontrollieren, dann k\u00f6nnen wir Ihnen mithilfe von der Engeltherapie helfen.<br \/>\nDass sie weiterhin noch erfolgreicher, gl\u00fccklicher und miteinander verbunden werden, ist es notwendig das dritte Auge \u2013 die Intuition zu aktivieren. Mit der Aktivierung des dritten Auges werden sie Ihre Lebensmission oder Lebenszweck finden und Sie werden leichter die Umsetzung Ihrer wahren Ziele realisieren.<\/p>\n<p>Auf dem Energieniveau sind wir alle Engel, deren sich Fl\u00fcgel wegen verschiedenen Lebenssituationen geschlossen haben. Aktivieren Sie Ihre Engelsfl\u00fcgel und beginnen Sie wieder mit dem Fliegen![\/vc_column_text][vc_empty_space height=&#8220;20px&#8220;][\/vc_column][vc_column width=&#8220;1\/2&#8243;][vc_single_image image=&#8220;7499&#8243; img_size=&#8220;full&#8220; alignment=&#8220;center&#8220; style=&#8220;vc_box_outline&#8220; border_color=&#8220;white&#8220;][\/vc_column][\/vc_row]<\/p>","protected":false},"excerpt":{"rendered":"<p>[vc_row][vc_column width=&#8220;1\/2&#8243;][vc_empty_space height=&#8220;28px&#8220;][vc_raw_html]JTNDc3BhbiUyMGNsYXNzJTNEJTIyYW5jaG9yJTIyJTNFJTNDYSUyMGlkJTNEJTIya3Jpc3RhbG5hcG9zdGVsamElMjIlM0UlM0MlMkZhJTNFJTNDJTJGc3BhbiUzRQ==[\/vc_raw_html][vc_empty_space height=&#8220;20px&#8220;][vc_column_text]Um Ihre Vitalit\u00e4t zu steigern, verwenden wir die Engeltherapie, mit der Ihre Chakren gereinigt werden. Damit helfen wir Ihnen Ihre Gesundheit zu balansieren und den K\u00f6rper von negativen Einfl\u00fcssen zu sch\u00fctzen. Wenn Sie traurig sind und in in Ihrem Leben kein Sinn&#8230;<\/p>\n","protected":false},"author":2,"featured_media":0,"parent":0,"menu_order":0,"comment_status":"closed","ping_status":"closed","template":"","meta":[],"_links":{"self":[{"href":"https:\/\/www.centerveda.si\/at\/wp-json\/wp\/v2\/pages\/7037"}],"collection":[{"href":"https:\/\/www.centerveda.si\/at\/wp-json\/wp\/v2\/pages"}],"about":[{"href":"https:\/\/www.centerveda.si\/at\/wp-json\/wp\/v2\/types\/page"}],"author":[{"embeddable":true,"href":"https:\/\/www.centerveda.si\/at\/wp-json\/wp\/v2\/users\/2"}],"replies":[{"embeddable":true,"href":"https:\/\/www.centerveda.si\/at\/wp-json\/wp\/v2\/comments?post=7037"}],"version-history":[{"count":9,"href":"https:\/\/www.centerveda.si\/at\/wp-json\/wp\/v2\/pages\/7037\/revisions"}],"predecessor-version":[{"id":7523,"href":"https:\/\/www.centerveda.si\/at\/wp-json\/wp\/v2\/pages\/7037\/revisions\/7523"}],"wp:attachment":[{"href":"https:\/\/www.centerveda.si\/at\/wp-json\/wp\/v2\/media?parent=7037"}],"curies":[{"name":"wp","href":"https:\/\/api.w.org\/{rel}","templated":true}]}}