{"id":6871,"date":"2016-10-19T12:18:38","date_gmt":"2016-10-19T12:18:38","guid":{"rendered":"http:\/\/www.commaserver.com\/centerveda\/?page_id=6871"},"modified":"2017-01-16T15:45:59","modified_gmt":"2017-01-16T15:45:59","slug":"the-reconnection","status":"publish","type":"page","link":"https:\/\/www.centerveda.si\/at\/the-reconnection-erneuerte-personliche-verknupfung\/","title":{"rendered":"The reconnection &#8211; Erneuerte pers\u00f6nliche verkn\u00fcpfung"},"content":{"rendered":"<p>[vc_row][vc_column width=&#8220;1\/2&#8243;][vc_empty_space height=&#8220;28px&#8220;][vc_raw_html]JTNDc3BhbiUyMGNsYXNzJTNEJTIyYW5jaG9yJTIyJTNFJTNDYSUyMGlkJTNEJTIya3Jpc3RhbG5hcG9zdGVsamElMjIlM0UlM0MlMkZhJTNFJTNDJTJGc3BhbiUzRQ==[\/vc_raw_html]<div class=\"edgtf-numbered-title\">\n\t<div class=\"edgtf-nt-number\" >\n\t\t<span>\n\t\t\t\t\t<\/span>\n\t<\/div>\n\t<div class=\"edgtf-nt-title-subtitle-holder\">\n\t\t<h3 class=\"edgtf-nt-title\" >\n\t\t\tTHE RECONNECTION\t\t<\/h3>\n\t<\/div>\n<\/div>[vc_empty_space height=&#8220;20px&#8220;][vc_column_text]<\/p>\n<div>Die umfassende Behandlung wird Ihnen folgendes erm\u00f6glichen:<\/div>\n<ul>\n<li>Beschleunigung der pers\u00f6nlichen Entwicklung,<\/li>\n<li>wenn Sie sich mit sich selbst verbinden wollen, mithilfe von der Vollkommenheit des Universums,<\/li>\n<li>wenn Sie ein erneutes Verbinden von DNA-Ketten in ihrem Organismus wollen,<\/li>\n<li>dass Sie sich errinern, wer Sie in Wircklichkeit sind.<\/li>\n<li>Pospe\u0161ite osebni razvoj<\/li>\n<li>Se resni\u010dno pove\u017eete z va\u0161im vi\u0161jim jazom in s tem kar ste v resnici, skozi popolnostjo Univerzuma<\/li>\n<li>Ponovno povezovanje DNK- verig<\/li>\n<li>Se spomnite, kdo ste v resnici<\/li>\n<\/ul>\n<p>W\u00e4hlen Sie ein einfacheres und reicheres Leben!<\/p>\n<div><\/div>\n<p>[\/vc_column_text][vc_empty_space height=&#8220;28px&#8220;][\/vc_column][vc_column width=&#8220;1\/2&#8243;][vc_single_image image=&#8220;7030&#8243; img_size=&#8220;full&#8220; alignment=&#8220;center&#8220; style=&#8220;vc_box_outline&#8220; border_color=&#8220;white&#8220;][\/vc_column][\/vc_row]<\/p>","protected":false},"excerpt":{"rendered":"<p>[vc_row][vc_column width=&#8220;1\/2&#8243;][vc_empty_space height=&#8220;28px&#8220;][vc_raw_html]JTNDc3BhbiUyMGNsYXNzJTNEJTIyYW5jaG9yJTIyJTNFJTNDYSUyMGlkJTNEJTIya3Jpc3RhbG5hcG9zdGVsamElMjIlM0UlM0MlMkZhJTNFJTNDJTJGc3BhbiUzRQ==[\/vc_raw_html][vc_empty_space height=&#8220;20px&#8220;][vc_column_text] Die umfassende Behandlung wird Ihnen folgendes erm\u00f6glichen: Beschleunigung der pers\u00f6nlichen Entwicklung, wenn Sie sich mit sich selbst verbinden wollen, mithilfe von der Vollkommenheit des Universums, wenn Sie ein erneutes Verbinden von DNA-Ketten in ihrem Organismus wollen, dass Sie sich errinern, wer&#8230;<\/p>\n","protected":false},"author":1,"featured_media":0,"parent":0,"menu_order":0,"comment_status":"closed","ping_status":"closed","template":"","meta":[],"_links":{"self":[{"href":"https:\/\/www.centerveda.si\/at\/wp-json\/wp\/v2\/pages\/6871"}],"collection":[{"href":"https:\/\/www.centerveda.si\/at\/wp-json\/wp\/v2\/pages"}],"about":[{"href":"https:\/\/www.centerveda.si\/at\/wp-json\/wp\/v2\/types\/page"}],"author":[{"embeddable":true,"href":"https:\/\/www.centerveda.si\/at\/wp-json\/wp\/v2\/users\/1"}],"replies":[{"embeddable":true,"href":"https:\/\/www.centerveda.si\/at\/wp-json\/wp\/v2\/comments?post=6871"}],"version-history":[{"count":9,"href":"https:\/\/www.centerveda.si\/at\/wp-json\/wp\/v2\/pages\/6871\/revisions"}],"predecessor-version":[{"id":7323,"href":"https:\/\/www.centerveda.si\/at\/wp-json\/wp\/v2\/pages\/6871\/revisions\/7323"}],"wp:attachment":[{"href":"https:\/\/www.centerveda.si\/at\/wp-json\/wp\/v2\/media?parent=6871"}],"curies":[{"name":"wp","href":"https:\/\/api.w.org\/{rel}","templated":true}]}}