{"id":6866,"date":"2016-10-19T12:14:10","date_gmt":"2016-10-19T12:14:10","guid":{"rendered":"http:\/\/www.commaserver.com\/centerveda\/?page_id=6866"},"modified":"2017-01-16T15:44:37","modified_gmt":"2017-01-16T15:44:37","slug":"reconnective-healing","status":"publish","type":"page","link":"https:\/\/www.centerveda.si\/at\/reconnective-healing\/","title":{"rendered":"Reconnective healing"},"content":{"rendered":"<p>[vc_row][vc_column width=&#8220;1\/2&#8243;][vc_raw_html]JTNDc3BhbiUyMGNsYXNzJTNEJTIyYW5jaG9yJTIyJTNFJTNDYSUyMGlkJTNEJTIya3Jpc3RhbG5hcG9zdGVsamElMjIlM0UlM0MlMkZhJTNFJTNDJTJGc3BhbiUzRQ==[\/vc_raw_html]<div class=\"edgtf-numbered-title\">\n\t<div class=\"edgtf-nt-number\" >\n\t\t<span>\n\t\t\t\t\t<\/span>\n\t<\/div>\n\t<div class=\"edgtf-nt-title-subtitle-holder\">\n\t\t<h3 class=\"edgtf-nt-title\" >\n\t\t\tRECONNECTIVE HEALING\t\t<\/h3>\n\t<\/div>\n<\/div>[vc_empty_space height=&#8220;28px&#8220;][vc_column_text]Mit &#8218;Reconnective-Healing&#8216; kehrt man zur\u00fcck zu Gleichgewicht mit einer Verkn\u00fcpfung der erneuten R\u00fcckkehr.<\/p>\n<p>Entscheiden Sie sich f\u00fcr eine umfassende Behandlung, wenn Sie folgendes ersehen:<\/p>\n<div>\n<ul>\n<li>Verbesserung der psychischen und physischen Zustandes,<\/li>\n<li>Kl\u00e4rung von Gedanken,<\/li>\n<li>positive Lebensenergie,<\/li>\n<li>Gl\u00fcck und Freude,<\/li>\n<li>f\u00fcr die erneute Zellbehandlung, dass sie sich zu einem ges\u00fcnderen<\/li>\n<li>Zustand wieder erstatten.<\/li>\n<\/ul>\n<\/div>\n<p>[\/vc_column_text][vc_empty_space height=&#8220;28px&#8220;][\/vc_column][vc_column width=&#8220;1\/2&#8243;][vc_single_image image=&#8220;6761&#8243; img_size=&#8220;full&#8220; alignment=&#8220;center&#8220; style=&#8220;vc_box_outline&#8220; border_color=&#8220;white&#8220;][\/vc_column][\/vc_row]<\/p>","protected":false},"excerpt":{"rendered":"<p>[vc_row][vc_column width=&#8220;1\/2&#8243;][vc_raw_html]JTNDc3BhbiUyMGNsYXNzJTNEJTIyYW5jaG9yJTIyJTNFJTNDYSUyMGlkJTNEJTIya3Jpc3RhbG5hcG9zdGVsamElMjIlM0UlM0MlMkZhJTNFJTNDJTJGc3BhbiUzRQ==[\/vc_raw_html][vc_empty_space height=&#8220;28px&#8220;][vc_column_text]Mit &#8218;Reconnective-Healing&#8216; kehrt man zur\u00fcck zu Gleichgewicht mit einer Verkn\u00fcpfung der erneuten R\u00fcckkehr. Entscheiden Sie sich f\u00fcr eine umfassende Behandlung, wenn Sie folgendes ersehen: Verbesserung der psychischen und physischen Zustandes, Kl\u00e4rung von Gedanken, positive Lebensenergie, Gl\u00fcck und Freude, f\u00fcr die erneute Zellbehandlung, dass&#8230;<\/p>\n","protected":false},"author":1,"featured_media":0,"parent":0,"menu_order":0,"comment_status":"closed","ping_status":"closed","template":"","meta":[],"_links":{"self":[{"href":"https:\/\/www.centerveda.si\/at\/wp-json\/wp\/v2\/pages\/6866"}],"collection":[{"href":"https:\/\/www.centerveda.si\/at\/wp-json\/wp\/v2\/pages"}],"about":[{"href":"https:\/\/www.centerveda.si\/at\/wp-json\/wp\/v2\/types\/page"}],"author":[{"embeddable":true,"href":"https:\/\/www.centerveda.si\/at\/wp-json\/wp\/v2\/users\/1"}],"replies":[{"embeddable":true,"href":"https:\/\/www.centerveda.si\/at\/wp-json\/wp\/v2\/comments?post=6866"}],"version-history":[{"count":13,"href":"https:\/\/www.centerveda.si\/at\/wp-json\/wp\/v2\/pages\/6866\/revisions"}],"predecessor-version":[{"id":7325,"href":"https:\/\/www.centerveda.si\/at\/wp-json\/wp\/v2\/pages\/6866\/revisions\/7325"}],"wp:attachment":[{"href":"https:\/\/www.centerveda.si\/at\/wp-json\/wp\/v2\/media?parent=6866"}],"curies":[{"name":"wp","href":"https:\/\/api.w.org\/{rel}","templated":true}]}}