{"id":6861,"date":"2016-10-19T12:06:55","date_gmt":"2016-10-19T12:06:55","guid":{"rendered":"http:\/\/www.commaserver.com\/centerveda\/?page_id=6861"},"modified":"2017-01-16T15:29:01","modified_gmt":"2017-01-16T15:29:01","slug":"energijska-masaza-z-entitetami-c-d-i","status":"publish","type":"page","link":"https:\/\/www.centerveda.si\/at\/energetische-massage-mit-c-d-i-einheiten\/","title":{"rendered":"Energetische massage mit c.d.i. Einheiten"},"content":{"rendered":"<p>[vc_row][vc_column width=&#8220;1\/2&#8243;][vc_empty_space height=&#8220;28px&#8220;][vc_raw_html]JTNDc3BhbiUyMGNsYXNzJTNEJTIyYW5jaG9yJTIyJTNFJTNDYSUyMGlkJTNEJTIyZW5lcmdpanNrYW1hc2F6YSUyMiUzRSUzQyUyRmElM0UlM0MlMkZzcGFuJTNF[\/vc_raw_html]<div class=\"edgtf-numbered-title\">\n\t<div class=\"edgtf-nt-number\" >\n\t\t<span>\n\t\t\t\t\t<\/span>\n\t<\/div>\n\t<div class=\"edgtf-nt-title-subtitle-holder\">\n\t\t<h3 class=\"edgtf-nt-title\" >\n\t\t\tENERGETISCHE MASSAGE MIT C.D.I. EINHEITEN\t\t<\/h3>\n\t<\/div>\n<\/div>[vc_empty_space height=&#8220;28px&#8220;][vc_column_text]Manchmal f\u00fchlen wir uns nicht wohl. Unser physischer K\u00f6rper ist m\u00fcde, unsere mentale Ebene des K\u00f6rpers ist instabil und wir f\u00fchlen uns schlecht oder sogar unbequem. T\u00e4glich f\u00fcllen wir unseren Kopf mit Sorgen und somit f\u00f6rdern wir unbewusst das Unwohlsein und das kann sich als Depression, geringes Ma\u00df an k\u00f6rperlicher Energie manifestieren oder sogar f\u00fchlen wir uns krank oder empfinden k\u00f6rperliche Schmerzen. Wir wollen Ihnen effektiv bei allen Ihren Schwierigkeiten helfen und daf\u00fcr bieten wir Ihnen eine Energiemassage mit C.D.I. Einheiten an. Diese Massage repr\u00e4sentiert ein einzigartiges Erlebnis f\u00fcr jeden einzelnen Teilnehmer.<\/p>\n<p>Die Massage mit C.D.I. Einheiten ist ein einzigartiges Erlebnis, dass Ihnen hilft sich besser zu f\u00fchlen und gl\u00fccklicher zu sein. Mit dieser Massage wachen Ihre inneren Organe auf, weil die Therapie als eine ganzheitliche Behandlung wirkt und Ihre k\u00f6rperliche, geistige und seelische Gesundheit balanciert. Ebenso werden sich diverse vertiefte Gedanken oder Visionen kl\u00e4ren, die Ihnen helfen werden L\u00f6sungen f\u00fcr Ihre Lebensprobleme zu finden.<\/p>\n<p>F\u00fcr die Massage mit C.D.I. Einheiten ist es notwendig sich vorzubereiten, dass zu Ihnen Informationen kommen, die aus reiner Liebe entstehen und Ihnen helfen ein besseres Leben wieder zu leben. Nach der Massage werden Sie mit Heilenergie entspannt und aufgef\u00fcllt. Ihre Organe werden daf\u00fcr dankbar sein.<\/p>\n<p>Durch den K\u00f6rper wird die neue Lebensenergie flie\u00dfen und Sie werden sich wie neu geboren f\u00fchlen. Die Liebe und das Frieden, die sie auf allen Ebenen ber\u00fchren werden, werden Sie dazu auffordern, dass Sie nur das Beste aus jeder Situation w\u00e4hlen werden. Endlich werden Sie Liebe sp\u00fcren, die Sie bis jetzt noch nicht zu sp\u00fcren gewagt haben.[\/vc_column_text][vc_empty_space height=&#8220;20px&#8220;][\/vc_column][vc_column width=&#8220;1\/2&#8243;][vc_single_image image=&#8220;6895&#8243; img_size=&#8220;full&#8220; alignment=&#8220;center&#8220; style=&#8220;vc_box_outline&#8220; border_color=&#8220;white&#8220;][\/vc_column][\/vc_row]<\/p>","protected":false},"excerpt":{"rendered":"<p>[vc_row][vc_column width=&#8220;1\/2&#8243;][vc_empty_space height=&#8220;28px&#8220;][vc_raw_html]JTNDc3BhbiUyMGNsYXNzJTNEJTIyYW5jaG9yJTIyJTNFJTNDYSUyMGlkJTNEJTIyZW5lcmdpanNrYW1hc2F6YSUyMiUzRSUzQyUyRmElM0UlM0MlMkZzcGFuJTNF[\/vc_raw_html][vc_empty_space height=&#8220;28px&#8220;][vc_column_text]Manchmal f\u00fchlen wir uns nicht wohl. Unser physischer K\u00f6rper ist m\u00fcde, unsere mentale Ebene des K\u00f6rpers ist instabil und wir f\u00fchlen uns schlecht oder sogar unbequem. T\u00e4glich f\u00fcllen wir unseren Kopf mit Sorgen und somit f\u00f6rdern wir unbewusst das Unwohlsein und das&#8230;<\/p>\n","protected":false},"author":1,"featured_media":0,"parent":0,"menu_order":0,"comment_status":"closed","ping_status":"closed","template":"","meta":[],"_links":{"self":[{"href":"https:\/\/www.centerveda.si\/at\/wp-json\/wp\/v2\/pages\/6861"}],"collection":[{"href":"https:\/\/www.centerveda.si\/at\/wp-json\/wp\/v2\/pages"}],"about":[{"href":"https:\/\/www.centerveda.si\/at\/wp-json\/wp\/v2\/types\/page"}],"author":[{"embeddable":true,"href":"https:\/\/www.centerveda.si\/at\/wp-json\/wp\/v2\/users\/1"}],"replies":[{"embeddable":true,"href":"https:\/\/www.centerveda.si\/at\/wp-json\/wp\/v2\/comments?post=6861"}],"version-history":[{"count":11,"href":"https:\/\/www.centerveda.si\/at\/wp-json\/wp\/v2\/pages\/6861\/revisions"}],"predecessor-version":[{"id":7231,"href":"https:\/\/www.centerveda.si\/at\/wp-json\/wp\/v2\/pages\/6861\/revisions\/7231"}],"wp:attachment":[{"href":"https:\/\/www.centerveda.si\/at\/wp-json\/wp\/v2\/media?parent=6861"}],"curies":[{"name":"wp","href":"https:\/\/api.w.org\/{rel}","templated":true}]}}