{"id":6855,"date":"2016-10-19T11:57:09","date_gmt":"2016-10-19T11:57:09","guid":{"rendered":"http:\/\/www.commaserver.com\/centerveda\/?page_id=6855"},"modified":"2017-01-16T15:43:22","modified_gmt":"2017-01-16T15:43:22","slug":"kristalna-postelja","status":"publish","type":"page","link":"https:\/\/www.centerveda.si\/at\/kristallbett-behandlung\/","title":{"rendered":"Kristallbett-behandlung"},"content":{"rendered":"<p>[vc_row][vc_column width=&#8220;1\/2&#8243;][vc_empty_space height=&#8220;28px&#8220;][vc_raw_html]JTNDc3BhbiUyMGNsYXNzJTNEJTIyYW5jaG9yJTIyJTNFJTNDYSUyMGlkJTNEJTIya3Jpc3RhbG5hcG9zdGVsamElMjIlM0UlM0MlMkZhJTNFJTNDJTJGc3BhbiUzRQ==[\/vc_raw_html]<div class=\"edgtf-numbered-title\">\n\t<div class=\"edgtf-nt-number\" >\n\t\t<span>\n\t\t\t\t\t<\/span>\n\t<\/div>\n\t<div class=\"edgtf-nt-title-subtitle-holder\">\n\t\t<h3 class=\"edgtf-nt-title\" >\n\t\t\tKRISTALLBETT\t\t<\/h3>\n\t<\/div>\n<\/div>[vc_empty_space height=&#8220;20px&#8220;][vc_column_text]Entscheiden Sie sich f\u00fcr die Kristallbetttherapie, wenn Sie nach tiefe Ruhe und Regeneration streben. Das Kristallbett regelt Ihre k\u00f6rperliche, emotionale oder mentale Ebene des Lebens.<\/p>\n<p>Es regeneriert den K\u00f6rper und unterst\u00fctzt Sie auf allen Alltagsbereichen, damit Sie alle t\u00e4glichen Sorgen vergessen:<\/p>\n<ul>\n<li>verbessern Sie Ihre k\u00f6rperliche und geistige Gesundheit,<\/li>\n<li>fertigen Sie Ihre Depression ab,<\/li>\n<li>hilft gegen Stress- und Burnout Symptome,<\/li>\n<li>Wiederherstellung der Zellgesundheit,<\/li>\n<li>mildert Allergien,<\/li>\n<li>Erneuerung der Lebensenergie.<\/li>\n<\/ul>\n<p>[\/vc_column_text][vc_empty_space height=&#8220;28px&#8220;][\/vc_column][vc_column width=&#8220;1\/2&#8243;][vc_single_image image=&#8220;6896&#8243; img_size=&#8220;full&#8220; alignment=&#8220;center&#8220; style=&#8220;vc_box_outline&#8220; border_color=&#8220;white&#8220;][\/vc_column][\/vc_row]<\/p>","protected":false},"excerpt":{"rendered":"<p>[vc_row][vc_column width=&#8220;1\/2&#8243;][vc_empty_space height=&#8220;28px&#8220;][vc_raw_html]JTNDc3BhbiUyMGNsYXNzJTNEJTIyYW5jaG9yJTIyJTNFJTNDYSUyMGlkJTNEJTIya3Jpc3RhbG5hcG9zdGVsamElMjIlM0UlM0MlMkZhJTNFJTNDJTJGc3BhbiUzRQ==[\/vc_raw_html][vc_empty_space height=&#8220;20px&#8220;][vc_column_text]Entscheiden Sie sich f\u00fcr die Kristallbetttherapie, wenn Sie nach tiefe Ruhe und Regeneration streben. Das Kristallbett regelt Ihre k\u00f6rperliche, emotionale oder mentale Ebene des Lebens. Es regeneriert den K\u00f6rper und unterst\u00fctzt Sie auf allen Alltagsbereichen, damit Sie alle t\u00e4glichen Sorgen vergessen: verbessern&#8230;<\/p>\n","protected":false},"author":1,"featured_media":0,"parent":0,"menu_order":0,"comment_status":"closed","ping_status":"closed","template":"","meta":[],"_links":{"self":[{"href":"https:\/\/www.centerveda.si\/at\/wp-json\/wp\/v2\/pages\/6855"}],"collection":[{"href":"https:\/\/www.centerveda.si\/at\/wp-json\/wp\/v2\/pages"}],"about":[{"href":"https:\/\/www.centerveda.si\/at\/wp-json\/wp\/v2\/types\/page"}],"author":[{"embeddable":true,"href":"https:\/\/www.centerveda.si\/at\/wp-json\/wp\/v2\/users\/1"}],"replies":[{"embeddable":true,"href":"https:\/\/www.centerveda.si\/at\/wp-json\/wp\/v2\/comments?post=6855"}],"version-history":[{"count":17,"href":"https:\/\/www.centerveda.si\/at\/wp-json\/wp\/v2\/pages\/6855\/revisions"}],"predecessor-version":[{"id":7230,"href":"https:\/\/www.centerveda.si\/at\/wp-json\/wp\/v2\/pages\/6855\/revisions\/7230"}],"wp:attachment":[{"href":"https:\/\/www.centerveda.si\/at\/wp-json\/wp\/v2\/media?parent=6855"}],"curies":[{"name":"wp","href":"https:\/\/api.w.org\/{rel}","templated":true}]}}