{"id":6628,"date":"2016-09-28T12:53:11","date_gmt":"2016-09-28T12:53:11","guid":{"rendered":"http:\/\/www.commaserver.com\/centerveda\/?page_id=6628"},"modified":"2017-07-25T10:17:32","modified_gmt":"2017-07-25T10:17:32","slug":"nega-stopal-in-rok","status":"publish","type":"page","link":"https:\/\/www.centerveda.si\/at\/fuss-und-handepflege\/","title":{"rendered":"Fuss- und h\u00e4ndepflege"},"content":{"rendered":"<p>[vc_row][vc_column width=&#8220;1\/2&#8243;]<div class=\"edgtf-numbered-title\">\n\t<div class=\"edgtf-nt-number\" style=\"padding-right:-10px\">\n\t\t<span>\n\t\t\t\t\t<\/span>\n\t<\/div>\n\t<div class=\"edgtf-nt-title-subtitle-holder\">\n\t\t<h3 class=\"edgtf-nt-title\" >\n\t\t\tFUSS- UND H\u00c4NDEPFLEGE\t\t<\/h3>\n\t<\/div>\n<\/div>[vc_empty_space height=&#8220;20px&#8220;][vc_column_text]<\/p>\n<ul>\n<li><strong>Pedik\u00fcre<\/strong>: ein Bad f\u00fcr Vitalit\u00e4t, N\u00e4gelformung, N\u00e4gelhauptpflege, Fu\u00df- und H\u00fchneraugen abschaffen, eingewachsene N\u00e4gel abschaffen\u2026<\/li>\n<li><strong>Nagellackierung <\/strong><\/li>\n<li><strong>Fu\u00dfn\u00e4gel lackieren<\/strong><\/li>\n<li><strong>Manik\u00fcre<\/strong><\/li>\n<li><strong>Gel-N\u00e4gel Catherine<\/strong><\/li>\n<li><strong>Manik\u00fcre mit Gelpoliermittel<\/strong><\/li>\n<li><strong>Laserentfernung von Nagelpilz f\u00fcr Lichtdurchl\u00e4ssigkeit in der Nagelplatte zu verbessern<\/strong>\n<ul>\n<li>Eine sichere Therapie ohne Nebenwirkungen<\/li>\n<li>Effektive und schnelle Ergebnisse<\/li>\n<li>Schnelle Auswirkungen<\/li>\n<li>Eine Wiederherstellung des Nagels<\/li>\n<\/ul>\n<\/li>\n<\/ul>\n<p>[\/vc_column_text][vc_empty_space height=&#8220;18px&#8220;][vc_column_text]<strong>K\u00d6NIGLICHE PEDIK\u00dcRE<\/strong> &#8211; eine klassische Pedik\u00fcre mit extra Peeling, Maske und Massage von Beine bis zu den Knien.[\/vc_column_text][\/vc_column][vc_column width=&#8220;1\/2&#8243;][vc_single_image image=&#8220;6971&#8243; img_size=&#8220;full&#8220; alignment=&#8220;center&#8220; style=&#8220;vc_box_outline&#8220; border_color=&#8220;white&#8220;][\/vc_column][\/vc_row][vc_row][vc_column][vc_row_inner][vc_column_inner][vc_empty_space height=&#8220;20px&#8220;][\/vc_column_inner][\/vc_row_inner][\/vc_column][\/vc_row][vc_row][vc_column width=&#8220;1\/2&#8243;]<div class=\"edgtf-numbered-title\">\n\t<div class=\"edgtf-nt-number\" style=\"padding-right:-10px\">\n\t\t<span>\n\t\t\t\t\t<\/span>\n\t<\/div>\n\t<div class=\"edgtf-nt-title-subtitle-holder\">\n\t\t<h3 class=\"edgtf-nt-title\" >\n\t\t\tNUGENESIS\t\t<\/h3>\n\t<\/div>\n<\/div>[vc_empty_space height=&#8220;20px&#8220;][vc_column_text]Nugenesis ist das revolution\u00e4re System zur Herstellung und Pflege von N\u00e4gel mit NUGENESIS-Pulver, bei dem die UV-Strahlen nicht verwendet werden. Das Material besteht aus Titan und Kautschuk.<\/p>\n<p>Heute ist schon bekannt, das Titan k\u00f6rperfreundlich ist und wirkt st\u00e4rkend auf die N\u00e4gel. Die Rolle des Kautschuks aber ist eigentlich die einfache Entfernung und die Biegsamkeit von N\u00e4gel.<\/p>\n<p>Da wir nach der Gesundheit streben, werden Sie \u00fcber folgende Fakten begeistert sein:<\/p>\n<ul>\n<li>Die N\u00e4gel werden sch\u00f6n und gesund gehalten.<\/li>\n<li>Es besteht keine Notwendigkeit f\u00fcr UV-Behandlung.<\/li>\n<li>Die Anwendung ist schnell.<\/li>\n<li>Die N\u00e4gel-feilung ist nicht notwendig.<\/li>\n<li>Wir bieten eine breite Pallete \/ Auswahl von Farben.<\/li>\n<li>N\u00e4gel werden resistent gegen Kratzer und Br\u00fcche.<\/li>\n<li>Schnelle und einfache Entfernung.<\/li>\n<\/ul>\n<p>[\/vc_column_text][\/vc_column][vc_column width=&#8220;1\/2&#8243;][vc_single_image image=&#8220;7538&#8243; img_size=&#8220;full&#8220; alignment=&#8220;center&#8220; style=&#8220;vc_box_outline&#8220; border_color=&#8220;white&#8220;][\/vc_column][\/vc_row]<\/p>","protected":false},"excerpt":{"rendered":"<p>[vc_row][vc_column width=&#8220;1\/2&#8243;][vc_empty_space height=&#8220;20px&#8220;][vc_column_text] Pedik\u00fcre: ein Bad f\u00fcr Vitalit\u00e4t, N\u00e4gelformung, N\u00e4gelhauptpflege, Fu\u00df- und H\u00fchneraugen abschaffen, eingewachsene N\u00e4gel abschaffen\u2026 Nagellackierung Fu\u00dfn\u00e4gel lackieren Manik\u00fcre Gel-N\u00e4gel Catherine Manik\u00fcre mit Gelpoliermittel Laserentfernung von Nagelpilz f\u00fcr Lichtdurchl\u00e4ssigkeit in der Nagelplatte zu verbessern Eine sichere Therapie ohne Nebenwirkungen Effektive und schnelle Ergebnisse&#8230;<\/p>\n","protected":false},"author":1,"featured_media":0,"parent":0,"menu_order":0,"comment_status":"closed","ping_status":"closed","template":"","meta":[],"_links":{"self":[{"href":"https:\/\/www.centerveda.si\/at\/wp-json\/wp\/v2\/pages\/6628"}],"collection":[{"href":"https:\/\/www.centerveda.si\/at\/wp-json\/wp\/v2\/pages"}],"about":[{"href":"https:\/\/www.centerveda.si\/at\/wp-json\/wp\/v2\/types\/page"}],"author":[{"embeddable":true,"href":"https:\/\/www.centerveda.si\/at\/wp-json\/wp\/v2\/users\/1"}],"replies":[{"embeddable":true,"href":"https:\/\/www.centerveda.si\/at\/wp-json\/wp\/v2\/comments?post=6628"}],"version-history":[{"count":26,"href":"https:\/\/www.centerveda.si\/at\/wp-json\/wp\/v2\/pages\/6628\/revisions"}],"predecessor-version":[{"id":7582,"href":"https:\/\/www.centerveda.si\/at\/wp-json\/wp\/v2\/pages\/6628\/revisions\/7582"}],"wp:attachment":[{"href":"https:\/\/www.centerveda.si\/at\/wp-json\/wp\/v2\/media?parent=6628"}],"curies":[{"name":"wp","href":"https:\/\/api.w.org\/{rel}","templated":true}]}}