{"id":6608,"date":"2016-09-28T12:20:35","date_gmt":"2016-09-28T12:20:35","guid":{"rendered":"http:\/\/www.commaserver.com\/centerveda\/?page_id=6608"},"modified":"2017-04-20T09:13:33","modified_gmt":"2017-04-20T09:13:33","slug":"obrvi-in-trepalnice","status":"publish","type":"page","link":"https:\/\/www.centerveda.si\/at\/augenbrauen-und-wimpernpflege\/","title":{"rendered":"Augenbrauen- Und Wimpernpflege"},"content":{"rendered":"<p>[vc_row][vc_column width=&#8220;1\/2&#8243;]<div class=\"edgtf-numbered-title\">\n\t<div class=\"edgtf-nt-number\" >\n\t\t<span>\n\t\t\t\t\t<\/span>\n\t<\/div>\n\t<div class=\"edgtf-nt-title-subtitle-holder\">\n\t\t<h3 class=\"edgtf-nt-title\" >\n\t\t\tAUGENBRAUEN- UND WIMPERNPFLEGE\t\t<\/h3>\n\t<\/div>\n<\/div>[vc_empty_space height=&#8220;20px&#8220;][vc_column_text]Im Gesundheits- und Sch\u00f6nheitszentrum Veda bieten wir auch diverse Behandlungen f\u00fcr sch\u00f6nere Augenbrauen und Wimpern:<\/p>\n<ul>\n<li>Falsche Wimpern \u2013 B\u00fcschel<\/li>\n<li>Augenbrauen formen<\/li>\n<li>Wimpernpflege und f\u00e4rben von Wimpern<\/li>\n<li>Augenbrauen f\u00e4rben<\/li>\n<li>Wimpernverl\u00e4ngerung<\/li>\n<li>Korrektur (Wimpern)<\/li>\n<\/ul>\n<p>[\/vc_column_text][vc_empty_space height=&#8220;28px&#8220;][\/vc_column][vc_column width=&#8220;1\/2&#8243;][vc_single_image image=&#8220;6964&#8243; img_size=&#8220;full&#8220; alignment=&#8220;center&#8220; style=&#8220;vc_box_outline&#8220; border_color=&#8220;white&#8220;][\/vc_column][\/vc_row]<\/p>","protected":false},"excerpt":{"rendered":"<p>[vc_row][vc_column width=&#8220;1\/2&#8243;][vc_empty_space height=&#8220;20px&#8220;][vc_column_text]Im Gesundheits- und Sch\u00f6nheitszentrum Veda bieten wir auch diverse Behandlungen f\u00fcr sch\u00f6nere Augenbrauen und Wimpern: Falsche Wimpern \u2013 B\u00fcschel Augenbrauen formen Wimpernpflege und f\u00e4rben von Wimpern Augenbrauen f\u00e4rben Wimpernverl\u00e4ngerung Korrektur (Wimpern) [\/vc_column_text][vc_empty_space height=&#8220;28px&#8220;][\/vc_column][vc_column width=&#8220;1\/2&#8243;][vc_single_image image=&#8220;6964&#8243; img_size=&#8220;full&#8220; alignment=&#8220;center&#8220; style=&#8220;vc_box_outline&#8220; border_color=&#8220;white&#8220;][\/vc_column][\/vc_row]<\/p>\n","protected":false},"author":1,"featured_media":0,"parent":0,"menu_order":0,"comment_status":"closed","ping_status":"closed","template":"","meta":[],"_links":{"self":[{"href":"https:\/\/www.centerveda.si\/at\/wp-json\/wp\/v2\/pages\/6608"}],"collection":[{"href":"https:\/\/www.centerveda.si\/at\/wp-json\/wp\/v2\/pages"}],"about":[{"href":"https:\/\/www.centerveda.si\/at\/wp-json\/wp\/v2\/types\/page"}],"author":[{"embeddable":true,"href":"https:\/\/www.centerveda.si\/at\/wp-json\/wp\/v2\/users\/1"}],"replies":[{"embeddable":true,"href":"https:\/\/www.centerveda.si\/at\/wp-json\/wp\/v2\/comments?post=6608"}],"version-history":[{"count":16,"href":"https:\/\/www.centerveda.si\/at\/wp-json\/wp\/v2\/pages\/6608\/revisions"}],"predecessor-version":[{"id":7530,"href":"https:\/\/www.centerveda.si\/at\/wp-json\/wp\/v2\/pages\/6608\/revisions\/7530"}],"wp:attachment":[{"href":"https:\/\/www.centerveda.si\/at\/wp-json\/wp\/v2\/media?parent=6608"}],"curies":[{"name":"wp","href":"https:\/\/api.w.org\/{rel}","templated":true}]}}