{"id":6601,"date":"2016-09-28T12:14:14","date_gmt":"2016-09-28T12:14:14","guid":{"rendered":"http:\/\/www.commaserver.com\/centerveda\/?page_id=6601"},"modified":"2017-01-16T15:36:35","modified_gmt":"2017-01-16T15:36:35","slug":"epilacija","status":"publish","type":"page","link":"https:\/\/www.centerveda.si\/at\/epilation\/","title":{"rendered":"Laser-Haarentfernung &#8211; Epilation"},"content":{"rendered":"<p>[vc_row][vc_column width=&#8220;1\/2&#8243;]<div class=\"edgtf-numbered-title\">\n\t<div class=\"edgtf-nt-number\" style=\"padding-right:.10px\">\n\t\t<span>\n\t\t\t\t\t<\/span>\n\t<\/div>\n\t<div class=\"edgtf-nt-title-subtitle-holder\">\n\t\t<h3 class=\"edgtf-nt-title\" >\n\t\t\tLaser-Haarentfernung - EPILATION\t\t<\/h3>\n\t<\/div>\n<\/div>[vc_empty_space height=&#8220;20px&#8220;][vc_column_text]<strong>DAUERHAFTE LASER-HAARENTFERNUNG MIT DER NEUSTEN TECHNOLOGIE<\/strong><\/p>\n<p>Wollen Sie auch eine langbleibige, sichere und schmerzlose Haarentfernung, die helle sowie dunkle Haare am Gesicht und am K\u00f6rper entfernt?<br \/>\nDie neue Technologie mit Energie- und Lichtstrahlen zerst\u00f6rt permanent die gesamte Struktur des Haares sowie die Hautzelle, aus der die ungew\u00fcnschte Haare wachsen. Diese Technik besch\u00e4digt die Epidermis nicht und sorgt f\u00fcr eine weiche und glatte Haut. Sie sch\u00f6nert auch den Hautton und bietet unseren Kunden langfriestige Zufriedenheit. Die Melanin-Zellen und Haarfollikel absorbieren eine bestimmte Wellenl\u00e4nge, die zu einer Erw\u00e4rmung des Haarfollikels f\u00fchrt, und sie wahlweise zerst\u00f6rt. Das Gewebe bleibt unversehrt. Die Epilation hat eine dauerhafte und positive Wirkung auf das Hautgewebe und f\u00f6rdert Kollagen in der Haut.<\/p>\n<p><strong>PFLEGE NACH DER BEHANDLUNG<\/strong><\/p>\n<p>Nach der Behandlung soll man die Haut mit milder Seife reinigen und kaltes abgekochtes Wasser verwenden. Die Haut muss mit einer Creme mit Vitamin C oder mit eine Creme die Lichtschutzfaktor enth\u00e4lt gesch\u00fczt werden.<\/p>\n<p><strong>WANN WIRD DIE THERAPIE NICHT DURCHGEF\u00dcHRT?<\/strong><\/p>\n<ul>\n<li>wenn Sie Fieber bei einem geschw\u00e4chtem Immunsystem haben,<\/li>\n<li>wenn Sie f\u00fcr Licht empfindliche Haut haben oder wenn sie schon gegen Lichtempfindlichkeit behandelt worden sind,<\/li>\n<li>wenn Sie psychisch labil und instabil sind,<\/li>\n<li>bei Kunden mit unrealistischen Erwartungen,<\/li>\n<li>wenn sie Schwanger sind,<\/li>\n<li>bei Kunden die von Hautkrebs leiden,<\/li>\n<li>bei Kunden, die vor kurzem Aspirin genommen haben,<\/li>\n<li>bei Kunden, die ausgewogene Pl\u00e4ttchen haben,<\/li>\n<li>bei Kunden, die die Sicherheitsmethoden nicht beachten,<\/li>\n<li>bei dennen, die in n\u00e4chsten 3 Monaten an einer Hormontherapie teilnehmen werden,<\/li>\n<li>bei Kunden, die zur Blutungen, Epilepsie oder Diabetes unterliegen,<\/li>\n<li>bei Kunden mit besch\u00e4digten Haut oder einen Teil der Haut (ionisierende Strahlungen),<\/li>\n<li>bei Kunden mit einem gebr\u00e4unten Hautton\/Hautfarbe (Sonnenbrand).<\/li>\n<\/ul>\n<p>[\/vc_column_text][vc_empty_space height=&#8220;28px&#8220;][\/vc_column][vc_column width=&#8220;1\/2&#8243;][vc_single_image image=&#8220;7003&#8243; img_size=&#8220;full&#8220; alignment=&#8220;center&#8220; style=&#8220;vc_box_outline&#8220; border_color=&#8220;white&#8220;][\/vc_column][\/vc_row]<\/p>","protected":false},"excerpt":{"rendered":"<p>[vc_row][vc_column width=&#8220;1\/2&#8243;][vc_empty_space height=&#8220;20px&#8220;][vc_column_text]DAUERHAFTE LASER-HAARENTFERNUNG MIT DER NEUSTEN TECHNOLOGIE Wollen Sie auch eine langbleibige, sichere und schmerzlose Haarentfernung, die helle sowie dunkle Haare am Gesicht und am K\u00f6rper entfernt? Die neue Technologie mit Energie- und Lichtstrahlen zerst\u00f6rt permanent die gesamte Struktur des Haares sowie die Hautzelle,&#8230;<\/p>\n","protected":false},"author":1,"featured_media":0,"parent":0,"menu_order":0,"comment_status":"closed","ping_status":"closed","template":"","meta":[],"_links":{"self":[{"href":"https:\/\/www.centerveda.si\/at\/wp-json\/wp\/v2\/pages\/6601"}],"collection":[{"href":"https:\/\/www.centerveda.si\/at\/wp-json\/wp\/v2\/pages"}],"about":[{"href":"https:\/\/www.centerveda.si\/at\/wp-json\/wp\/v2\/types\/page"}],"author":[{"embeddable":true,"href":"https:\/\/www.centerveda.si\/at\/wp-json\/wp\/v2\/users\/1"}],"replies":[{"embeddable":true,"href":"https:\/\/www.centerveda.si\/at\/wp-json\/wp\/v2\/comments?post=6601"}],"version-history":[{"count":21,"href":"https:\/\/www.centerveda.si\/at\/wp-json\/wp\/v2\/pages\/6601\/revisions"}],"predecessor-version":[{"id":7302,"href":"https:\/\/www.centerveda.si\/at\/wp-json\/wp\/v2\/pages\/6601\/revisions\/7302"}],"wp:attachment":[{"href":"https:\/\/www.centerveda.si\/at\/wp-json\/wp\/v2\/media?parent=6601"}],"curies":[{"name":"wp","href":"https:\/\/api.w.org\/{rel}","templated":true}]}}