{"id":6578,"date":"2016-09-28T10:27:04","date_gmt":"2016-09-28T10:27:04","guid":{"rendered":"http:\/\/www.commaserver.com\/centerveda\/?page_id=6578"},"modified":"2017-01-16T15:27:01","modified_gmt":"2017-01-16T15:27:01","slug":"masaze-okrog-sveta","status":"publish","type":"page","link":"https:\/\/www.centerveda.si\/at\/weltmassagen\/","title":{"rendered":"Weltmassagen"},"content":{"rendered":"<p>[vc_row][vc_column width=&#8220;1\/2&#8243;]<div class=\"edgtf-numbered-title\">\n\t<div class=\"edgtf-nt-number\" >\n\t\t<span>\n\t\t\t\t\t<\/span>\n\t<\/div>\n\t<div class=\"edgtf-nt-title-subtitle-holder\">\n\t\t<h3 class=\"edgtf-nt-title\" >\n\t\t\tWeltmassagen\t\t<\/h3>\n\t<\/div>\n<\/div>[vc_empty_space height=&#8220;28px&#8220;][vc_raw_html]JTNDc3BhbiUyMGNsYXNzJTNEJTIyYW5jaG9yJTIyJTNFJTNDYSUyMGlkJTNEJTIyYWJoeWFuZ2ElMjIlM0UlM0MlMkZhJTNFJTNDJTJGc3BhbiUzRQ==[\/vc_raw_html]<div class=\"edgtf-numbered-title\">\n\t<div class=\"edgtf-nt-number\" >\n\t\t<span>\n\t\t\t01\t\t<\/span>\n\t<\/div>\n\t<div class=\"edgtf-nt-title-subtitle-holder\">\n\t\t<h3 class=\"edgtf-nt-title\" >\n\t\t\tABHYANGA\t\t<\/h3>\n\t<\/div>\n<\/div>[vc_empty_space height=&#8220;20px&#8220;][vc_column_text]Abhyanga ist eine aktive und heilende Therapie des ganzen K\u00f6rpers, Kopfs und Gesichts, die Ihnen ein Wohlgef\u00fchl mit z\u00e4rtlichem und warmem indischem \u00d6l bringen wird. Diese Therapie wirkt produktiv gegen Ihren t\u00e4glichen Herausforderungen und Probleme des Alltags und f\u00f6rdert Gelassenheit und Ruhe. G\u00f6nnen Sie sich eine leichte aber dennoch aktive Therapie f\u00fcr Ihr ganzheitliches Wohlbefinden von K\u00f6rper, Geist und Seele.[\/vc_column_text][vc_empty_space height=&#8220;28px&#8220;][vc_raw_html]JTNDc3BhbiUyMGNsYXNzJTNEJTIyYW5jaG9yJTIyJTNFJTNDYSUyMGlkJTNEJTIyZ2Fyc2hhbiUyMiUzRSUzQyUyRmElM0UlM0MlMkZzcGFuJTNF[\/vc_raw_html]<div class=\"edgtf-numbered-title\">\n\t<div class=\"edgtf-nt-number\" >\n\t\t<span>\n\t\t\t02\t\t<\/span>\n\t<\/div>\n\t<div class=\"edgtf-nt-title-subtitle-holder\">\n\t\t<h3 class=\"edgtf-nt-title\" >\n\t\t\tGARSHAN\t\t<\/h3>\n\t<\/div>\n<\/div>[vc_empty_space height=&#8220;28px&#8220;][vc_column_text]Eine gelungene Kombination mit Salzkristallen-Peeling und der Heilmassage Abhyanga hilft Ihnen \u00fcbersch\u00fcssiges Wasser und andere Fl\u00fcssigkeiten aus Ihren K\u00f6rper zu reduzieren. Die Salzkristalle wirken auf den K\u00f6rper als eine Drainage, reduzieren die negative Energie und verbessern den Ton Ihrer Haut. Verbessern Sie Ihre Durchblutung und die Lymphenwirkung des K\u00f6rpers und f\u00fcllen Sie sich mit neuer Energie auf, die Ihnen ein besseres Gef\u00fchl bieten wird.[\/vc_column_text][vc_empty_space height=&#8220;20px&#8220;][\/vc_column][vc_column width=&#8220;1\/2&#8243;][vc_single_image image=&#8220;6894&#8243; img_size=&#8220;full&#8220; alignment=&#8220;center&#8220; style=&#8220;vc_box_outline&#8220; border_color=&#8220;white&#8220;][\/vc_column][\/vc_row][vc_row][vc_column][vc_raw_html]JTNDc3BhbiUyMGNsYXNzJTNEJTIyYW5jaG9yJTIyJTNFJTNDYSUyMGlkJTNEJTIyc2hpcm8lRTIlODAlOTNtdWthYmh5YW5nYSUyMiUzRSUzQyUyRmElM0UlM0MlMkZzcGFuJTNF[\/vc_raw_html][vc_empty_space height=&#8220;28px&#8220;]<div class=\"edgtf-numbered-title\">\n\t<div class=\"edgtf-nt-number\" >\n\t\t<span>\n\t\t\t03\t\t<\/span>\n\t<\/div>\n\t<div class=\"edgtf-nt-title-subtitle-holder\">\n\t\t<h3 class=\"edgtf-nt-title\" >\n\t\t\tSHIRO \u2013 mukabhyanga\t\t<\/h3>\n\t<\/div>\n<\/div>[vc_empty_space height=&#8220;20px&#8220;][vc_column_text]Wenn Sie Ihren K\u00f6rper die Kraft und Energie erstatten wollen und Kopfschmerzen und Migr\u00e4nen vermeiden, dann empfehlen wir Ihnen dass Sie sich f\u00fcr die Ayurveda-Massage des Kopfes und des K\u00f6rpers entscheiden. Diese Massage hilft bei der Durchblutung und f\u00fcllt Sie mit neuer Energie. Erfolgreich werden auch Stress und verschiedene Spannungen des Alltags akkumuliert und beschleunigt Achten Sie auf sich selbst und w\u00e4hlen Sie das Beste![\/vc_column_text][vc_empty_space height=&#8220;28px&#8220;][\/vc_column][\/vc_row][vc_row][vc_column][vc_raw_html]JTNDc3BhbiUyMGNsYXNzJTNEJTIyYW5jaG9yJTIyJTNFJTNDYSUyMGlkJTNEJTIycGFkYWJoeWFuZ2ElMjIlM0UlM0MlMkZhJTNFJTNDJTJGc3BhbiUzRQ==[\/vc_raw_html]<div class=\"edgtf-numbered-title\">\n\t<div class=\"edgtf-nt-number\" >\n\t\t<span>\n\t\t\t04\t\t<\/span>\n\t<\/div>\n\t<div class=\"edgtf-nt-title-subtitle-holder\">\n\t\t<h3 class=\"edgtf-nt-title\" >\n\t\t\tPADABHYANGA\t\t<\/h3>\n\t<\/div>\n<\/div>[vc_empty_space height=&#8220;20px&#8220;][vc_column_text]Im Zentrum Veda sorgen wir mit einer speziellen F\u00fc\u00df- und Beine bis zu dem Knien-Massage f\u00fcr die \u00fcberfl\u00fcssige Spannung im K\u00f6rper. Diese Massage verbessert den Schlaf und Ihre innere Ruhe. Damit werden Ihre Gedanken klarer und Sie werden energischer in allen Bereichen Ihres Lebens.[\/vc_column_text][vc_empty_space height=&#8220;28px&#8220;][\/vc_column][\/vc_row][vc_row][vc_column][vc_raw_html]JTNDc3BhbiUyMGNsYXNzJTNEJTIyYW5jaG9yJTIyJTNFJTNDYSUyMGlkJTNEJTIya2hhbnlhJTIyJTNFJTNDJTJGYSUzRSUzQyUyRnNwYW4lM0U=[\/vc_raw_html]<div class=\"edgtf-numbered-title\">\n\t<div class=\"edgtf-nt-number\" >\n\t\t<span>\n\t\t\t05\t\t<\/span>\n\t<\/div>\n\t<div class=\"edgtf-nt-title-subtitle-holder\">\n\t\t<h3 class=\"edgtf-nt-title\" >\n\t\t\tKHANYA \t\t<\/h3>\n\t<\/div>\n<\/div>[vc_empty_space height=&#8220;20px&#8220;][vc_column_text]Mit dieser magischen afrikanischen Massage werden Sie sich mit der Natur verbinden. Bei dieser Massage wird warmes Marula\u00f6l verwendet. Verw\u00f6hnen Sie sich mit den traditionellen afrikanischen Massagebewegungen, mit denen das \u00d6l in den K\u00f6rper gereibt wird. Mit spezieller Musik in dem Hintergrund wird Ihr K\u00f6rper die Lebensenergie wiederherstellen und Sie werden Ihre eigene innere Kraft wieder sp\u00fcren.[\/vc_column_text][vc_empty_space height=&#8220;28px&#8220;][\/vc_column][\/vc_row][vc_row][vc_column][vc_raw_html]JTNDc3BhbiUyMGNsYXNzJTNEJTIyYW5jaG9yJTIyJTNFJTNDYSUyMGlkJTNEJTIydGFvJTIyJTNFJTNDJTJGYSUzRSUzQyUyRnNwYW4lM0U=[\/vc_raw_html]<div class=\"edgtf-numbered-title\">\n\t<div class=\"edgtf-nt-number\" >\n\t\t<span>\n\t\t\t06\t\t<\/span>\n\t<\/div>\n\t<div class=\"edgtf-nt-title-subtitle-holder\">\n\t\t<h3 class=\"edgtf-nt-title\" >\n\t\t\tTAO\t\t<\/h3>\n\t<\/div>\n<\/div>[vc_empty_space height=&#8220;20px&#8220;][vc_column_text]Wir empfehlen die sinnliche japanische Massage mit hei\u00dfen Lavasteinen jeden der m\u00fcde ist, schmerzende und verspannte Muskeln hat und demjenigen der mit frischer Energie gef\u00fcllt werden will. Die Erdenergie der Steine wird tief auf Ihre Entspannung der m\u00fcden Zellen wirken, die therapeutische \u00e4therische \u00d6le werden die Zirkulation beschleunigen und Sie werden mit neuer Energie und Vitalit\u00e4t aufgef\u00fcllt werden.[\/vc_column_text][vc_empty_space height=&#8220;28px&#8220;][\/vc_column][\/vc_row]<\/p>","protected":false},"excerpt":{"rendered":"<p>[vc_row][vc_column width=&#8220;1\/2&#8243;][vc_empty_space height=&#8220;28px&#8220;][vc_raw_html]JTNDc3BhbiUyMGNsYXNzJTNEJTIyYW5jaG9yJTIyJTNFJTNDYSUyMGlkJTNEJTIyYWJoeWFuZ2ElMjIlM0UlM0MlMkZhJTNFJTNDJTJGc3BhbiUzRQ==[\/vc_raw_html][vc_empty_space height=&#8220;20px&#8220;][vc_column_text]Abhyanga ist eine aktive und heilende Therapie des ganzen K\u00f6rpers, Kopfs und Gesichts, die Ihnen ein Wohlgef\u00fchl mit z\u00e4rtlichem und warmem indischem \u00d6l bringen wird. Diese Therapie wirkt produktiv gegen Ihren t\u00e4glichen Herausforderungen und Probleme des Alltags und f\u00f6rdert Gelassenheit und Ruhe&#8230;.<\/p>\n","protected":false},"author":1,"featured_media":0,"parent":0,"menu_order":0,"comment_status":"closed","ping_status":"closed","template":"","meta":[],"_links":{"self":[{"href":"https:\/\/www.centerveda.si\/at\/wp-json\/wp\/v2\/pages\/6578"}],"collection":[{"href":"https:\/\/www.centerveda.si\/at\/wp-json\/wp\/v2\/pages"}],"about":[{"href":"https:\/\/www.centerveda.si\/at\/wp-json\/wp\/v2\/types\/page"}],"author":[{"embeddable":true,"href":"https:\/\/www.centerveda.si\/at\/wp-json\/wp\/v2\/users\/1"}],"replies":[{"embeddable":true,"href":"https:\/\/www.centerveda.si\/at\/wp-json\/wp\/v2\/comments?post=6578"}],"version-history":[{"count":17,"href":"https:\/\/www.centerveda.si\/at\/wp-json\/wp\/v2\/pages\/6578\/revisions"}],"predecessor-version":[{"id":7316,"href":"https:\/\/www.centerveda.si\/at\/wp-json\/wp\/v2\/pages\/6578\/revisions\/7316"}],"wp:attachment":[{"href":"https:\/\/www.centerveda.si\/at\/wp-json\/wp\/v2\/media?parent=6578"}],"curies":[{"name":"wp","href":"https:\/\/api.w.org\/{rel}","templated":true}]}}