{"id":6574,"date":"2016-09-28T10:18:11","date_gmt":"2016-09-28T10:18:11","guid":{"rendered":"http:\/\/www.commaserver.com\/centerveda\/?page_id=6574"},"modified":"2017-04-14T14:14:22","modified_gmt":"2017-04-14T14:14:22","slug":"masaze","status":"publish","type":"page","link":"https:\/\/www.centerveda.si\/at\/klassische-massage\/","title":{"rendered":"Klassische Massagen"},"content":{"rendered":"<p>[vc_row][vc_column width=&#8220;1\/2&#8243;]<div class=\"edgtf-numbered-title\">\n\t<div class=\"edgtf-nt-number\" >\n\t\t<span>\n\t\t\t\t\t<\/span>\n\t<\/div>\n\t<div class=\"edgtf-nt-title-subtitle-holder\">\n\t\t<h3 class=\"edgtf-nt-title\" >\n\t\t\tKLASSISCHE MASSAGEN\t\t<\/h3>\n\t<\/div>\n<\/div>[vc_empty_space height=&#8220;28px&#8220;][vc_raw_html]JTNDc3BhbiUyMGNsYXNzJTNEJTIyYW5jaG9yJTIyJTNFJTNDYSUyMGlkJTNEJTIya2xhc2ljbmFtYXNhemElMjIlM0UlM0MlMkZhJTNFJTNDJTJGc3BhbiUzRQ==[\/vc_raw_html]<div class=\"edgtf-numbered-title\">\n\t<div class=\"edgtf-nt-number\" >\n\t\t<span>\n\t\t\t01\t\t<\/span>\n\t<\/div>\n\t<div class=\"edgtf-nt-title-subtitle-holder\">\n\t\t<h3 class=\"edgtf-nt-title\" >\n\t\t\tKLASSISCHE MASSAGE DES GANZEN K\u00d6RPERS\t\t<\/h3>\n\t<\/div>\n<\/div>[vc_empty_space height=&#8220;20px&#8220;][vc_column_text]Wenn Sie Entspannung brauchen, um die m\u00fcden Muskeln zu regenerieren und Schmerzen im Nacken und Schultern zu bezeigten, dann entscheiden Sie sich f\u00fcr eine therapeutische Massage. Danach werden Sie wie erneuert, erfrischt und voll von neuer Lebensenergie sein.[\/vc_column_text][vc_empty_space height=&#8220;28px&#8220;][\/vc_column][vc_column width=&#8220;1\/2&#8243;][vc_single_image image=&#8220;6910&#8243; img_size=&#8220;full&#8220; alignment=&#8220;center&#8220; style=&#8220;vc_box_outline&#8220; border_color=&#8220;white&#8220;][vc_empty_space height=&#8220;20px&#8220;][\/vc_column][\/vc_row][vc_row][vc_column][vc_raw_html]JTNDc3BhbiUyMGNsYXNzJTNEJTIyYW5jaG9yJTIyJTNFJTNDYSUyMGlkJTNEJTIycmVmbGVrc25hbWFzYXphc3RvcGFsJTIyJTNFJTNDJTJGYSUzRSUzQyUyRnNwYW4lM0U=[\/vc_raw_html]<div class=\"edgtf-numbered-title\">\n\t<div class=\"edgtf-nt-number\" >\n\t\t<span>\n\t\t\t02\t\t<\/span>\n\t<\/div>\n\t<div class=\"edgtf-nt-title-subtitle-holder\">\n\t\t<h3 class=\"edgtf-nt-title\" >\n\t\t\tFUSS-REFLEXIONEN-MASSAGE\t\t<\/h3>\n\t<\/div>\n<\/div>[vc_empty_space height=&#8220;28px&#8220;][vc_column_text]Mithilfe von speziellen Formen der Fu\u00dfmassage, dr\u00fcckt man auf die Reflexpunkte an den F\u00fc\u00dfen und stimuliert den K\u00f6rper und hilft bei einer Vielzahl von Problemen mit der Gesundheit. Bei der Fu\u00dfreflexzonenmassage werden die Nerven- und Muskelverspannungen entspannt, diese Massage beruhigt die Wirkung auf die Wirbels\u00e4ule und kann auch gegen Kopfschmerzen, Verstopfung und Schlaflosigkeit helfen. Die Fu\u00dfreflexionenmassage wird auch denen helfen, die diverse Gesundheitsschwierigkeiten haben, Schwanger sind und bei denen h\u00e4ufig Erk\u00e4ltungen vorkommen. Achten Sie auf Ihr Wohlbefinden und genie\u00dfen Sie tiefe Entspannung bei einer Fu\u00df-Reflexionen-Massage. Heben Sie Ihre Lebensenergie und verbessern Sie die Qualit\u00e4t Ihres Lebens.[\/vc_column_text][vc_empty_space height=&#8220;20px&#8220;][vc_raw_html]JTNDc3BhbiUyMGNsYXNzJTNEJTIyYW5jaG9yJTIyJTNFJTNDYSUyMGlkJTNEJTIybWFzYXphemFub3NlY25pY2UlMjIlM0UlM0MlMkZhJTNFJTNDJTJGc3BhbiUzRQ==[\/vc_raw_html]<div class=\"edgtf-numbered-title\">\n\t<div class=\"edgtf-nt-number\" >\n\t\t<span>\n\t\t\t03\t\t<\/span>\n\t<\/div>\n\t<div class=\"edgtf-nt-title-subtitle-holder\">\n\t\t<h3 class=\"edgtf-nt-title\" >\n\t\t\tMASSAGEN F\u00dcR SCHWANGERE\t\t<\/h3>\n\t<\/div>\n<\/div>[vc_empty_space height=&#8220;20px&#8220;][vc_column_text]Schwangerschaft verursacht in dem K\u00f6rper k\u00f6rperliche, hormonelle, emotionale und Energiever\u00e4nderungen, die das innere Gleichgewicht ver\u00e4ndern. F\u00fcr die schwangeren Frauen bieten wir in Veda spezielle Massagen, die der Situation angepasst werden, so dass jede Frau ihre Muskeln entspannt und ihre innere Macht st\u00e4rkt. Die Durchblutung und Beweglichkeit des K\u00f6rpers werden verbessert und der Geburt wird erleichtert.[\/vc_column_text][vc_empty_space height=&#8220;28px&#8220;][\/vc_column][\/vc_row][vc_row][vc_column][vc_raw_html]JTNDc3BhbiUyMGNsYXNzJTNEJTIyYW5jaG9yJTIyJTNFJTNDYSUyMGlkJTNEJTIycm9jbmFsaW1mbmFkcmVuYXphJTIyJTNFJTNDJTJGYSUzRSUzQyUyRnNwYW4lM0U=[\/vc_raw_html]<div class=\"edgtf-numbered-title\">\n\t<div class=\"edgtf-nt-number\" >\n\t\t<span>\n\t\t\t04\t\t<\/span>\n\t<\/div>\n\t<div class=\"edgtf-nt-title-subtitle-holder\">\n\t\t<h3 class=\"edgtf-nt-title\" >\n\t\t\tLYMPHDRAINAGE (Manuell)\t\t<\/h3>\n\t<\/div>\n<\/div>[vc_empty_space height=&#8220;20px&#8220;][vc_column_text]F\u00fcr das Herz-Kreislaufsystem zu stimulieren und die k\u00f6rperliche Balance wieder herzustellen, empfehlen wir die Lymphdrainage, die den Regenerationsprozess unterst\u00fctzt und hilft bei Abnehmen und Entgiftung Ihres K\u00f6rpers. Neben der effektiven Beseitigung von Wasser und Giftstoffe aus dem K\u00f6rper, hilft die Lymphdrainage auch Cellulitis zu beseitigen und erh\u00f6ht die Energie und den Prozess der Oxidation (Zellregeneration). Damit wird auch Ihr Immunsystem gest\u00fctzt und Sie werden sich besser f\u00fchlen.[\/vc_column_text][vc_empty_space height=&#8220;28px&#8220;][\/vc_column][\/vc_row][vc_row][vc_column][vc_raw_html]JTNDc3BhbiUyMGNsYXNzJTNEJTIyYW5jaG9yJTIyJTNFJTNDYSUyMGlkJTNEJTIyY29rb2xhZG5pZG90aWslMjIlM0UlM0MlMkZhJTNFJTNDJTJGc3BhbiUzRQ==[\/vc_raw_html]<div class=\"edgtf-numbered-title\">\n\t<div class=\"edgtf-nt-number\" >\n\t\t<span>\n\t\t\t05\t\t<\/span>\n\t<\/div>\n\t<div class=\"edgtf-nt-title-subtitle-holder\">\n\t\t<h3 class=\"edgtf-nt-title\" >\n\t\t\tCHOCOLATE TOUCH\t\t<\/h3>\n\t<\/div>\n<\/div>[vc_empty_space height=&#8220;20px&#8220;][vc_column_text]Schokolade ist ein wirksames &#8218;Instrument&#8216;, die das Gl\u00fcckshormon stimuliert. Wir verwenden sie sehr gerne, dass unsere Kunden sich entspannen, eine Erfahrung mit Ruhe machen und Ihren K\u00f6rper und Gesicht mit positiver Energie auff\u00fcllen.<\/p>\n<p>Ihre Haut wird nach der Massage mit einer Mischung aus Kakao, Kakaobutter und mit nat\u00fcrlichen Antioxidantien und Mineralien gen\u00e4hrt. Dabei werden Sie positive Energie empfinden, sich besser f\u00fchlen und Stress bek\u00e4mpfen. Ihre t\u00e4gliche Stimmung wird verbessert.[\/vc_column_text][vc_empty_space height=&#8220;28px&#8220;][\/vc_column][\/vc_row]<\/p>","protected":false},"excerpt":{"rendered":"<p>[vc_row][vc_column width=&#8220;1\/2&#8243;][vc_empty_space height=&#8220;28px&#8220;][vc_raw_html]JTNDc3BhbiUyMGNsYXNzJTNEJTIyYW5jaG9yJTIyJTNFJTNDYSUyMGlkJTNEJTIya2xhc2ljbmFtYXNhemElMjIlM0UlM0MlMkZhJTNFJTNDJTJGc3BhbiUzRQ==[\/vc_raw_html][vc_empty_space height=&#8220;20px&#8220;][vc_column_text]Wenn Sie Entspannung brauchen, um die m\u00fcden Muskeln zu regenerieren und Schmerzen im Nacken und Schultern zu bezeigten, dann entscheiden Sie sich f\u00fcr eine therapeutische Massage. Danach werden Sie wie erneuert, erfrischt und voll von neuer Lebensenergie sein.[\/vc_column_text][vc_empty_space height=&#8220;28px&#8220;][\/vc_column][vc_column width=&#8220;1\/2&#8243;][vc_single_image image=&#8220;6910&#8243; img_size=&#8220;full&#8220;&#8230;<\/p>\n","protected":false},"author":1,"featured_media":0,"parent":0,"menu_order":0,"comment_status":"closed","ping_status":"closed","template":"","meta":[],"_links":{"self":[{"href":"https:\/\/www.centerveda.si\/at\/wp-json\/wp\/v2\/pages\/6574"}],"collection":[{"href":"https:\/\/www.centerveda.si\/at\/wp-json\/wp\/v2\/pages"}],"about":[{"href":"https:\/\/www.centerveda.si\/at\/wp-json\/wp\/v2\/types\/page"}],"author":[{"embeddable":true,"href":"https:\/\/www.centerveda.si\/at\/wp-json\/wp\/v2\/users\/1"}],"replies":[{"embeddable":true,"href":"https:\/\/www.centerveda.si\/at\/wp-json\/wp\/v2\/comments?post=6574"}],"version-history":[{"count":26,"href":"https:\/\/www.centerveda.si\/at\/wp-json\/wp\/v2\/pages\/6574\/revisions"}],"predecessor-version":[{"id":7514,"href":"https:\/\/www.centerveda.si\/at\/wp-json\/wp\/v2\/pages\/6574\/revisions\/7514"}],"wp:attachment":[{"href":"https:\/\/www.centerveda.si\/at\/wp-json\/wp\/v2\/media?parent=6574"}],"curies":[{"name":"wp","href":"https:\/\/api.w.org\/{rel}","templated":true}]}}