{"id":6563,"date":"2016-09-28T09:50:37","date_gmt":"2016-09-28T09:50:37","guid":{"rendered":"http:\/\/www.commaserver.com\/centerveda\/?page_id=6563"},"modified":"2017-01-11T11:54:14","modified_gmt":"2017-01-11T11:54:14","slug":"nega-telesa","status":"publish","type":"page","link":"https:\/\/www.centerveda.si\/at\/korperpflege\/","title":{"rendered":"K\u00f6rperpflege"},"content":{"rendered":"<p>[vc_row][vc_column width=&#8220;1\/2&#8243;]<div class=\"edgtf-numbered-title\">\n\t<div class=\"edgtf-nt-number\" >\n\t\t<span>\n\t\t\t\t\t<\/span>\n\t<\/div>\n\t<div class=\"edgtf-nt-title-subtitle-holder\">\n\t\t<h3 class=\"edgtf-nt-title\" >\n\t\t\tK\u00f6rperpflege\t\t<\/h3>\n\t<\/div>\n<\/div>[vc_empty_space height=&#8220;28px&#8220;][vc_raw_html]JTNDc3BhbiUyMGNsYXNzJTNEJTIyYW5jaG9yJTIyJTNFJTNDYSUyMGlkJTNEJTIycGlsaW5ndGVsZXNhJTIyJTNFJTNDJTJGYSUzRSUzQyUyRnNwYW4lM0U=[\/vc_raw_html]<div class=\"edgtf-numbered-title\">\n\t<div class=\"edgtf-nt-number\" >\n\t\t<span>\n\t\t\t01\t\t<\/span>\n\t<\/div>\n\t<div class=\"edgtf-nt-title-subtitle-holder\">\n\t\t<h3 class=\"edgtf-nt-title\" >\n\t\t\tK\u00d6RPERPEELING (SALZ, KR\u00c4UTER)\t\t<\/h3>\n\t<\/div>\n<\/div>[vc_empty_space height=&#8220;28px&#8220;][vc_column_text]Mit kreisf\u00f6rmigen Bewegungen entfernen wir sanft alle toten Hautzellen vom K\u00f6rper und machen Ihre Haut weich und geschmeidigt. Ihre Haut wird von Gesundheit strahlen und Sie werden mit neuer Energie gef\u00fcllt werden, die Ihnen helfen wird in allen Bereichen Ihres Lebens besser und leichter zu wirken.[\/vc_column_text][vc_empty_space height=&#8220;20px&#8220;][vc_raw_html]JTNDc3BhbiUyMGNsYXNzJTNEJTIyYW5jaG9yJTIyJTNFJTNDYSUyMGlkJTNEJTIycGlsaW5nb2Jsb2dhJTIyJTNFJTNDJTJGYSUzRSUzQyUyRnNwYW4lM0U=[\/vc_raw_html]<div class=\"edgtf-numbered-title\">\n\t<div class=\"edgtf-nt-number\" >\n\t\t<span>\n\t\t\t02\t\t<\/span>\n\t<\/div>\n\t<div class=\"edgtf-nt-title-subtitle-holder\">\n\t\t<h3 class=\"edgtf-nt-title\" >\n\t\t\tPEELING + WRAP (VITAMINEN, SCHOLOKADE UND ALGEN)\t\t<\/h3>\n\t<\/div>\n<\/div>[vc_empty_space height=&#8220;28px&#8220;][vc_column_text]F\u00fcr eine tiefe Entspannung und Regeneration der Haut, g\u00f6nnen Sie sich ein K\u00f6rperpeeling mit speziellen Materialien, die der Haut Mineralien und Feuchtigkeitsverlust liefern. Ihre Haut wird wieder elastischer, angenehmer und sanfter. Sie werden sich verj\u00fcngt f\u00fchlen und viel Energie f\u00fcr t\u00e4gliche Herausforderungen haben. Verw\u00f6hnen Sie sich und Ihre Haut![\/vc_column_text][vc_empty_space height=&#8220;20px&#8220;][vc_raw_html]JTNDc3BhbiUyMGNsYXNzJTNEJTIyYW5jaG9yJTIyJTNFJTNDYSUyMGlkJTNEJTIyYW50aWNlbHVsdXRuaXRyZXRtYW5pJTIyJTNFJTNDJTJGYSUzRSUzQyUyRnNwYW4lM0U=[\/vc_raw_html]<div class=\"edgtf-numbered-title\">\n\t<div class=\"edgtf-nt-number\" >\n\t\t<span>\n\t\t\t03\t\t<\/span>\n\t<\/div>\n\t<div class=\"edgtf-nt-title-subtitle-holder\">\n\t\t<h3 class=\"edgtf-nt-title\" >\n\t\t\tANTI-CELLULITE-BEHANDLUNG\t\t<\/h3>\n\t<\/div>\n<\/div>[vc_empty_space height=&#8220;20px&#8220;][vc_column_text]<strong>ANTI-CELLULITE-BEHANDLUNG UND AROMAWICKEL<\/strong><\/p>\n<p>Die Aromawickel-Therapie ist eine Tiefreinigungstherapie mit Bandagen, die die folgenden Symptome wirksam beseitigt:<br \/>\n&#8211; Wassereinlagerungen,<br \/>\n&#8211; H\u00e4matome,<br \/>\n&#8211; schlechte Durchblutung des K\u00f6rpers.<\/p>\n<p>Die Behandlung hilft bei:<br \/>\n&#8211; Reinigung der Blut,<br \/>\n&#8211; reguliert Cholesterin,<br \/>\n&#8211; senkt den Blutdruck,<br \/>\n&#8211; beschleunigt die Fettverbrennung und reduziert Fett,<br \/>\n&#8211; senkt den Blutzucker.[\/vc_column_text][vc_empty_space height=&#8220;15px&#8220;][\/vc_column][vc_column width=&#8220;1\/2&#8243;][vc_single_image image=&#8220;6947&#8243; img_size=&#8220;full&#8220; alignment=&#8220;center&#8220; style=&#8220;vc_box_outline&#8220; border_color=&#8220;white&#8220;][vc_empty_space height=&#8220;20px&#8220;][\/vc_column][\/vc_row][vc_row][vc_column][vc_column_text]<strong>WIE FUNKTIONIERT DIE THERAPIE?<\/strong><\/p>\n<p>Unser K\u00f6rper verbrennt t\u00e4glich von 70 bis 80% der notwendigen Kalorien der die nat\u00fcrliche Temperatur des K\u00f6rpers halten. Diese Therapie aktiviert den menschlichen K\u00f6rper, dass dieser vorzeitig die Innentemperatur des K\u00f6rpers reduziert. Der K\u00f6rper beginnt nat\u00fcrlich N\u00e4hrstoffe aus allen Bereichen des K\u00f6rpers zu nehmen, um seine Gleichgewichtstemperatur wieder herzustellen. Diese<\/p>\n<p>Methode funktioniert durch k\u00e4lte- und w\u00e4rme Wirkung \u2013 Kneipp. Diese speziellen Pr\u00e4parate enthalten nat\u00fcrliche \u00e4therische \u00d6le (Eukalyptus, Pfefferminz, Menthol, Rosmarin \u2026), die der Haut einen k\u00fchlen Effekt geben. Bereits nach f\u00fcnf Minuten entsteht eine starke Erw\u00e4rmung des K\u00f6rpers und nach zwanzig Minuten ist die Haut stark vaskularisiert.<\/p>\n<p><strong>4- FACHES BRENNEN VON N\u00c4HRSTOFFE<\/strong><\/p>\n<p>Unser K\u00f6rper will innere K\u00e4lte \/ schlechte Blutzirkulation in den Organen nachholen, und deshalb verbrauchen wir mehr N\u00e4hrstoffe (Zucker, Cholesterin, Fett). Auch die Problembereiche des K\u00f6rpers, die mit der Therapie behandelt wurden, erzeugt 4-faches Brennen und das Ergebnis wird sichtbar. Die Haut wird fester\/elastischer und der Umfang wird reduziert.<br \/>\nF\u00fcr eine Gew\u00e4hrleistung von optimalen Ergebnissen, ist es notwendig von 10 bis 20 Behandlungen zu machen. Jede Therapie dauert 60 Minuten und muss jeden zweiten Tag wiederholt werden. W\u00e4hrend der gesamten Dauer der Behandlungen ist es notwendig viel Wasser zu trinken. Zwei bis drei Stunden vor einer Behandlung ist es leider nicht erlaubt zu essen (um den K\u00f6rper erm\u00f6glichen \u00fcberschl\u00fcssige N\u00e4hrstoffe aus dem Bauch, Beine und Ges\u00e4\u00df zu verbrennen).<br \/>\nF\u00fcr eine weitere Aufrechterhaltung empfehlen wir regelm\u00e4\u00dfige Besuche \u2013 einmal pro Monat.[\/vc_column_text][vc_empty_space height=&#8220;28px&#8220;][\/vc_column][\/vc_row][vc_row][vc_column][vc_raw_html]JTNDc3BhbiUyMGNsYXNzJTNEJTIyYW5jaG9yJTIyJTNFJTNDYSUyMGlkJTNEJTIycmFkaW9mcmVrdmVuY2ElMjB0ZWxlc2ElMjIlM0UlM0MlMkZhJTNFJTNDJTJGc3BhbiUzRQ==[\/vc_raw_html]<div class=\"edgtf-numbered-title\">\n\t<div class=\"edgtf-nt-number\" >\n\t\t<span>\n\t\t\t04\t\t<\/span>\n\t<\/div>\n\t<div class=\"edgtf-nt-title-subtitle-holder\">\n\t\t<h3 class=\"edgtf-nt-title\" >\n\t\t\tRADIOFREQUENZ\t\t<\/h3>\n\t<\/div>\n<\/div>[vc_empty_space height=&#8220;20px&#8220;][vc_column_text]Wenn Sie sich w\u00fcnschen mehr zuversichtlicher und zufrieden mit Ihrem Aussehen des physischen K\u00f6rpers zu sein, empfehlen wir die K\u00f6rperpflege mit Radiofrequenz. Die Ergebnisse sind folgende:<\/p>\n<ul>\n<li>Glatte und get\u00f6nte Haut,<\/li>\n<li>besserer Hautton,<\/li>\n<li>erfolgreich beseitigter Cellulitis,<\/li>\n<li>nicht-invasive K\u00f6rperformung,<\/li>\n<li>Beseitigung von Dehnungsstreifen.<\/li>\n<\/ul>\n<p>[\/vc_column_text][vc_empty_space height=&#8220;28px&#8220;][\/vc_column][\/vc_row][vc_row][vc_column][vc_raw_html]JTNDc3BhbiUyMGNsYXNzJTNEJTIyYW5jaG9yJTIyJTNFJTNDYSUyMGlkJTNEJTIyZGVwaWxhY2lqYSUyMiUzRSUzQyUyRmElM0UlM0MlMkZzcGFuJTNF[\/vc_raw_html]<div class=\"edgtf-numbered-title\">\n\t<div class=\"edgtf-nt-number\" >\n\t\t<span>\n\t\t\t05\t\t<\/span>\n\t<\/div>\n\t<div class=\"edgtf-nt-title-subtitle-holder\">\n\t\t<h3 class=\"edgtf-nt-title\" >\n\t\t\tDEPILATION\t\t<\/h3>\n\t<\/div>\n<\/div>[vc_empty_space height=&#8220;20px&#8220;][vc_column_text]Wenn Sie eine glatte, weiche, sch\u00f6ne und gesunde Haut wollen, kommen Sie in unser Zentrum, wo wir auch verschiedene Depilationen\/ Haarentfernungen anbieten:<\/p>\n<ul>\n<li>Ganze Beine,<\/li>\n<li>Beine bis zu den Knien,<\/li>\n<li>Bikini,<\/li>\n<li>Brasilianische Enthaarung,<\/li>\n<li>H\u00e4nde,<\/li>\n<li>R\u00fccken,<\/li>\n<li>Achsel,<\/li>\n<li>unter der Nase,<\/li>\n<li>Kinn.<\/li>\n<\/ul>\n<p>[\/vc_column_text][vc_empty_space height=&#8220;28px&#8220;][\/vc_column][\/vc_row]<\/p>","protected":false},"excerpt":{"rendered":"<p>[vc_row][vc_column width=&#8220;1\/2&#8243;][vc_empty_space height=&#8220;28px&#8220;][vc_raw_html]JTNDc3BhbiUyMGNsYXNzJTNEJTIyYW5jaG9yJTIyJTNFJTNDYSUyMGlkJTNEJTIycGlsaW5ndGVsZXNhJTIyJTNFJTNDJTJGYSUzRSUzQyUyRnNwYW4lM0U=[\/vc_raw_html][vc_empty_space height=&#8220;28px&#8220;][vc_column_text]Mit kreisf\u00f6rmigen Bewegungen entfernen wir sanft alle toten Hautzellen vom K\u00f6rper und machen Ihre Haut weich und geschmeidigt. Ihre Haut wird von Gesundheit strahlen und Sie werden mit neuer Energie gef\u00fcllt werden, die Ihnen helfen wird in allen Bereichen Ihres Lebens besser&#8230;<\/p>\n","protected":false},"author":1,"featured_media":0,"parent":0,"menu_order":0,"comment_status":"closed","ping_status":"closed","template":"","meta":[],"_links":{"self":[{"href":"https:\/\/www.centerveda.si\/at\/wp-json\/wp\/v2\/pages\/6563"}],"collection":[{"href":"https:\/\/www.centerveda.si\/at\/wp-json\/wp\/v2\/pages"}],"about":[{"href":"https:\/\/www.centerveda.si\/at\/wp-json\/wp\/v2\/types\/page"}],"author":[{"embeddable":true,"href":"https:\/\/www.centerveda.si\/at\/wp-json\/wp\/v2\/users\/1"}],"replies":[{"embeddable":true,"href":"https:\/\/www.centerveda.si\/at\/wp-json\/wp\/v2\/comments?post=6563"}],"version-history":[{"count":21,"href":"https:\/\/www.centerveda.si\/at\/wp-json\/wp\/v2\/pages\/6563\/revisions"}],"predecessor-version":[{"id":7308,"href":"https:\/\/www.centerveda.si\/at\/wp-json\/wp\/v2\/pages\/6563\/revisions\/7308"}],"wp:attachment":[{"href":"https:\/\/www.centerveda.si\/at\/wp-json\/wp\/v2\/media?parent=6563"}],"curies":[{"name":"wp","href":"https:\/\/api.w.org\/{rel}","templated":true}]}}