{"id":6541,"date":"2016-09-28T07:47:37","date_gmt":"2016-09-28T07:47:37","guid":{"rendered":"http:\/\/www.commaserver.com\/centerveda\/?page_id=6541"},"modified":"2017-02-28T10:13:56","modified_gmt":"2017-02-28T10:13:56","slug":"nega-obraza","status":"publish","type":"page","link":"https:\/\/www.centerveda.si\/at\/gesichtspflege\/","title":{"rendered":"Gesichtspflege"},"content":{"rendered":"<p>[vc_row][vc_column width=&#8220;1\/2&#8243;]<div class=\"edgtf-numbered-title\">\n\t<div class=\"edgtf-nt-number\" >\n\t\t<span>\n\t\t\t\t\t<\/span>\n\t<\/div>\n\t<div class=\"edgtf-nt-title-subtitle-holder\">\n\t\t<h3 class=\"edgtf-nt-title\" >\n\t\t\tGesichtspflege\t\t<\/h3>\n\t<\/div>\n<\/div>[vc_empty_space height=&#8220;28px&#8220;][vc_raw_html]JTNDc3BhbiUyMGNsYXNzJTNEJTIyYW5jaG9yJTIyJTNFJTNDYSUyMGlkJTNEJTIycHVyZSUyMiUzRSUzQyUyRmElM0UlM0MlMkZzcGFuJTNF[\/vc_raw_html]<div class=\"edgtf-numbered-title\">\n\t<div class=\"edgtf-nt-number\" >\n\t\t<span>\n\t\t\t01\t\t<\/span>\n\t<\/div>\n\t<div class=\"edgtf-nt-title-subtitle-holder\">\n\t\t<h3 class=\"edgtf-nt-title\" >\n\t\t\tPURE\t\t<\/h3>\n\t<\/div>\n<\/div>[vc_empty_space height=&#8220;20px&#8220;][vc_column_text]Mit der Gesichtsbehandlung PURE wird ihr Gesicht strahlen. Mit dieser Sch\u00f6nheitspflege werden alle Verunreinigungen entfernt und zwar unabh\u00e4ngig von der Art der Haut. Lassen Sie Ihre innere Sch\u00f6nheit nach au\u00dfen strahlen.[\/vc_column_text][vc_empty_space height=&#8220;28px&#8220;][vc_raw_html]JTNDc3BhbiUyMGNsYXNzJTNEJTIyYW5jaG9yJTIyJTNFJTNDYSUyMGlkJTNEJTIyb3Nub3ZuYW5lZ2ElMjIlM0UlM0MlMkZhJTNFJTNDJTJGc3BhbiUzRQ==[\/vc_raw_html]<div class=\"edgtf-numbered-title\">\n\t<div class=\"edgtf-nt-number\" >\n\t\t<span>\n\t\t\t02\t\t<\/span>\n\t<\/div>\n\t<div class=\"edgtf-nt-title-subtitle-holder\">\n\t\t<h3 class=\"edgtf-nt-title\" >\n\t\t\tGRUNDBEHANDLUNG\t\t<\/h3>\n\t<\/div>\n<\/div>[vc_empty_space height=&#8220;20px&#8220;][vc_column_text]Mit der Grundbehandlung werden wir zuerst die Oberfl\u00e4che der Haut reinigen und danach die Pflege machen. Neben entfernten R\u00fcckst\u00e4nden von Make-up, wird auch Hautsekret entfernt. Wir bestimmen die Art der Pflege nach ihrem Hauttyp. Eine sanfte Massage und Maske wird bei der Entspannung helfen, dass sie weiterhin f\u00fcr neue Siege bereit werden uns Sie sich gepflegt f\u00fchlen werden.[\/vc_column_text][vc_empty_space height=&#8220;28px&#8220;][\/vc_column][vc_column width=&#8220;1\/2&#8243;][vc_single_image image=&#8220;7497&#8243; img_size=&#8220;full&#8220; alignment=&#8220;center&#8220; style=&#8220;vc_box_outline&#8220; border_color=&#8220;white&#8220;][\/vc_column][\/vc_row][vc_row][vc_column][vc_raw_html]JTNDc3BhbiUyMGNsYXNzJTNEJTIyYW5jaG9yJTIyJTNFJTNDYSUyMGlkJTNEJTIyaHlkcm9wb3dlciUyMiUzRSUzQyUyRmElM0UlM0MlMkZzcGFuJTNF[\/vc_raw_html]<div class=\"edgtf-numbered-title\">\n\t<div class=\"edgtf-nt-number\" >\n\t\t<span>\n\t\t\t03\t\t<\/span>\n\t<\/div>\n\t<div class=\"edgtf-nt-title-subtitle-holder\">\n\t\t<h3 class=\"edgtf-nt-title\" >\n\t\t\tHYDRO POWER\t\t<\/h3>\n\t<\/div>\n<\/div>[vc_empty_space height=&#8220;20px&#8220;][vc_column_text]Hydro Power ist eine Gesichtsbehandlung, die mit intensiven Kraft und Feuchtigkeit den Alterungsprozess verlangsamt und Ihnen langfristiges Wohlbefinden der Haut bietet.[\/vc_column_text][vc_empty_space height=&#8220;28px&#8220;][\/vc_column][\/vc_row][vc_row][vc_column][vc_raw_html]JTNDc3BhbiUyMGNsYXNzJTNEJTIyYW5jaG9yJTIyJTNFJTNDYSUyMGlkJTNEJTIyb3h5Z2VuJTIyJTNFJTNDJTJGYSUzRSUzQyUyRnNwYW4lM0U=[\/vc_raw_html]<div class=\"edgtf-numbered-title\">\n\t<div class=\"edgtf-nt-number\" >\n\t\t<span>\n\t\t\t04\t\t<\/span>\n\t<\/div>\n\t<div class=\"edgtf-nt-title-subtitle-holder\">\n\t\t<h3 class=\"edgtf-nt-title\" >\n\t\t\tOXYGEN\t\t<\/h3>\n\t<\/div>\n<\/div>[vc_empty_space height=&#8220;20px&#8220;][vc_column_text]Die Sauerstofftherapie wirkt tiefbereichernd auf Ihre Haut und \u00fcbertr\u00e4gt den reinen Sauerstoff in die Haut. Dies ist eine ideale Behandlung f\u00fcr alle, die eine elastische, gl\u00e4nzende und glatte Haut wollen.[\/vc_column_text][vc_empty_space height=&#8220;28px&#8220;][\/vc_column][\/vc_row][vc_row][vc_column][vc_raw_html]JTNDc3BhbiUyMGNsYXNzJTNEJTIyYW5jaG9yJTIyJTNFJTNDYSUyMGlkJTNEJTIyaHNybGlmdGluZyUyMiUzRSUzQyUyRmElM0UlM0MlMkZzcGFuJTNF[\/vc_raw_html]<div class=\"edgtf-numbered-title\">\n\t<div class=\"edgtf-nt-number\" >\n\t\t<span>\n\t\t\t05\t\t<\/span>\n\t<\/div>\n\t<div class=\"edgtf-nt-title-subtitle-holder\">\n\t\t<h3 class=\"edgtf-nt-title\" >\n\t\t\tHSR LIFTING\t\t<\/h3>\n\t<\/div>\n<\/div>[vc_empty_space height=&#8220;20px&#8220;][vc_column_text]HSR Lifting ist eine Komplett-Lifting-Behandlung, die Falten von innen reduziert und die Bildung von neuen Kollagen-Fasern und Elastin-Fasern f\u00f6rdert und das St\u00fctzgewebe st\u00e4rkt. Somit werden die Gesichtskonturen definiert. Ihre Haut wird durch diese luxuri\u00f6se Behandlung l\u00e4nger jung bleiben und Sie werden sich besser f\u00fchlen.[\/vc_column_text][vc_empty_space height=&#8220;28px&#8220;][\/vc_column][\/vc_row][vc_row][vc_column][vc_raw_html]JTNDc3BhbiUyMGNsYXNzJTNEJTIyYW5jaG9yJTIyJTNFJTNDYSUyMGlkJTNEJTIyc2VhY3JlYXRpb24lMjIlM0UlM0MlMkZhJTNFJTNDJTJGc3BhbiUzRQ==[\/vc_raw_html]<div class=\"edgtf-numbered-title\">\n\t<div class=\"edgtf-nt-number\" >\n\t\t<span>\n\t\t\t06\t\t<\/span>\n\t<\/div>\n\t<div class=\"edgtf-nt-title-subtitle-holder\">\n\t\t<h3 class=\"edgtf-nt-title\" >\n\t\t\tSEA CREATION\t\t<\/h3>\n\t<\/div>\n<\/div>[vc_empty_space height=&#8220;20px&#8220;][vc_column_text]Die spezielle Formel von Mikroorganismen, Meeresseide und Perlenproteine wirkt tief in den Hautzellen und gew\u00e4hrleistet, dass sich die Hautzellen regenerieren. Die Haut wird Mithilfe von N\u00e4hrstoffen des Meeres befeuchtet.[\/vc_column_text][vc_empty_space height=&#8220;28px&#8220;][\/vc_column][\/vc_row][vc_row][vc_column][vc_raw_html]JTNDc3BhbiUyMGNsYXNzJTNEJTIyYW5jaG9yJTIyJTNFJTNDYSUyMGlkJTNEJTIyZW5lcmd5JTIyJTNFJTNDJTJGYSUzRSUzQyUyRnNwYW4lM0U=[\/vc_raw_html]<div class=\"edgtf-numbered-title\">\n\t<div class=\"edgtf-nt-number\" >\n\t\t<span>\n\t\t\t07\t\t<\/span>\n\t<\/div>\n\t<div class=\"edgtf-nt-title-subtitle-holder\">\n\t\t<h3 class=\"edgtf-nt-title\" >\n\t\t\tENERGY\t\t<\/h3>\n\t<\/div>\n<\/div>[vc_empty_space height=&#8220;20px&#8220;][vc_column_text]Energy ist eine Vollgesichtsbehandlung f\u00fcr M\u00e4nner, die f\u00fcr sich selbst k\u00fcmmern wagen und wollen, dass Ihre Haut gereinigt und erneuert wird.[\/vc_column_text][vc_empty_space height=&#8220;28px&#8220;][\/vc_column][\/vc_row][vc_row][vc_column][vc_raw_html]JTNDc3BhbiUyMGNsYXNzJTNEJTIyYW5jaG9yJTIyJTNFJTNDYSUyMGlkJTNEJTIyY29jdGFpbHJlZ2VuZXJhY2lqYSUyMiUzRSUzQyUyRmElM0UlM0MlMkZzcGFuJTNF[\/vc_raw_html]<div class=\"edgtf-numbered-title\">\n\t<div class=\"edgtf-nt-number\" >\n\t\t<span>\n\t\t\t08\t\t<\/span>\n\t<\/div>\n\t<div class=\"edgtf-nt-title-subtitle-holder\">\n\t\t<h3 class=\"edgtf-nt-title\" >\n\t\t\tCOCTAIL REGENERACIJA\t\t<\/h3>\n\t<\/div>\n<\/div>[vc_empty_space height=&#8220;20px&#8220;][vc_column_text]Hier wird ein integrierter Haut-Peeling aufgetragen und sanft einmassieret. Hautsekret wird entfernt. Sie werden in Ihrer ganzen Sch\u00f6nheit erstrahlen.[\/vc_column_text][vc_empty_space height=&#8220;28px&#8220;][\/vc_column][\/vc_row][vc_row][vc_column][vc_raw_html]JTNDc3BhbiUyMGNsYXNzJTNEJTIyYW5jaG9yJTIyJTNFJTNDYSUyMGlkJTNEJTIycmV2ZXJzaXZlJTIwbmVnYSUyMiUzRSUzQyUyRmElM0UlM0MlMkZzcGFuJTNF[\/vc_raw_html]<div class=\"edgtf-numbered-title\">\n\t<div class=\"edgtf-nt-number\" >\n\t\t<span>\n\t\t\t09\t\t<\/span>\n\t<\/div>\n\t<div class=\"edgtf-nt-title-subtitle-holder\">\n\t\t<h3 class=\"edgtf-nt-title\" >\n\t\t\tREVERSIVE CARE\t\t<\/h3>\n\t<\/div>\n<\/div>[vc_empty_space height=&#8220;20px&#8220;][vc_column_text]Luxuri\u00f6se und exklusive Behandlung f\u00fcr die reife Haut, die Ihre Haut gl\u00fchen l\u00e4sst: glatten der Hautoberfl\u00e4che, n\u00e4hren mit reichen Zutaten.[\/vc_column_text][vc_empty_space height=&#8220;28px&#8220;][\/vc_column][\/vc_row][vc_row][vc_column][vc_raw_html]JTNDc3BhbiUyMGNsYXNzJTNEJTIyYW5jaG9yJTIyJTNFJTNDYSUyMGlkJTNEJTIyZGlhbWFudG5pcGlsaW5nJTIyJTNFJTNDJTJGYSUzRSUzQyUyRnNwYW4lM0U=[\/vc_raw_html]<div class=\"edgtf-numbered-title\">\n\t<div class=\"edgtf-nt-number\" >\n\t\t<span>\n\t\t\t10\t\t<\/span>\n\t<\/div>\n\t<div class=\"edgtf-nt-title-subtitle-holder\">\n\t\t<h3 class=\"edgtf-nt-title\" >\n\t\t\tDIAMANT-PEELING\t\t<\/h3>\n\t<\/div>\n<\/div>[vc_empty_space height=&#8220;20px&#8220;][vc_column_text]Nach dem Diamanten-Peeling wird Ihre Haut viel glatter und sanfter sein. Der Prozess stimuliert die Produktion von neuen Basalzellkarzinom und stimuliert Fibroblasten (Kollagen und Elastin-Synthese). Der Diamanten-Peeling wird die oberfl\u00e4chlichen Falten reduzieren und die tote Haut\/ Hautzellen entfernen, um das Aussehen der Haut zu verbessern.<br \/>\nReduziert wird auch die Menge von kleinen Narben, Altersflecken und Sommersprossen. Die Epidermis der Haut wird regeneriert und die Hautfarbe wird sch\u00f6ner. Sie werden mit Ihrem Aussehen zufrieden sein und werden zuversichtlicher und entspannter wirken.[\/vc_column_text][vc_empty_space height=&#8220;28px&#8220;][\/vc_column][\/vc_row][vc_row][vc_column][vc_raw_html]JTNDc3BhbiUyMGNsYXNzJTNEJTIyYW5jaG9yJTIyJTNFJTNDYSUyMGlkJTNEJTIydWx0cmF6dm9jbmF0ZXJhcGlqYSUyMiUzRSUzQyUyRmElM0UlM0MlMkZzcGFuJTNF[\/vc_raw_html]<div class=\"edgtf-numbered-title\">\n\t<div class=\"edgtf-nt-number\" >\n\t\t<span>\n\t\t\t11\t\t<\/span>\n\t<\/div>\n\t<div class=\"edgtf-nt-title-subtitle-holder\">\n\t\t<h3 class=\"edgtf-nt-title\" >\n\t\t\tULTRASCHALLTHERAPIE\t\t<\/h3>\n\t<\/div>\n<\/div>[vc_empty_space height=&#8220;20px&#8220;][vc_column_text]Die Ultraschall-Therapie ist f\u00fcr diejenigen geeignet, die eine extra tiefe Behandlung wollen. Diese Therapie befeuchtet die Haut und entfernt Falten. Die Ultraschalltherapie wird jedoch auch f\u00fcr die problematische Haut empfohlen. Die Haut wirkt demnach gesunder.[\/vc_column_text][vc_empty_space height=&#8220;28px&#8220;][\/vc_column][\/vc_row][vc_row][vc_column][vc_raw_html]JTNDc3BhbiUyMGNsYXNzJTNEJTIyYW5jaG9yJTIyJTNFJTNDYSUyMGlkJTNEJTIyZm90b3BvbWxhamV2YW5qZSUyMiUzRSUzQyUyRmElM0UlM0MlMkZzcGFuJTNF[\/vc_raw_html]<div class=\"edgtf-numbered-title\">\n\t<div class=\"edgtf-nt-number\" >\n\t\t<span>\n\t\t\t12\t\t<\/span>\n\t<\/div>\n\t<div class=\"edgtf-nt-title-subtitle-holder\">\n\t\t<h3 class=\"edgtf-nt-title\" >\n\t\t\tPHOTO-VERJ\u00dcNGUNGS-THERAPIE\t\t<\/h3>\n\t<\/div>\n<\/div>[vc_empty_space height=&#8220;20px&#8220;][vc_column_text]Lassen Sie Ihre innere Sch\u00f6nheit strahlen und Ihre Haut wird straffer, glatter und ohne Falten sein. Diese Therapie wirkt auf dem Prinzip von intensivem Licht, der in die Haut eindringt, ohne Epidermis zu besch\u00e4digen. Wir garantieren eine erfolgreiche Therapie:<\/p>\n<ul>\n<li>Sch\u00f6ner Aussehen der Haut<\/li>\n<li>Gesundere Haut<\/li>\n<li>Straffende Haut ohne Falten<\/li>\n<li>Sch\u00f6ner Hautton<\/li>\n<\/ul>\n<p>[\/vc_column_text][vc_empty_space height=&#8220;28px&#8220;][\/vc_column][\/vc_row][vc_row][vc_column][vc_raw_html]JTNDc3BhbiUyMGNsYXNzJTNEJTIyYW5jaG9yJTIyJTNFJTNDYSUyMGlkJTNEJTIycmFkaW9mcmVrdmVuY2ElMjBvYnJhemElMjIlM0UlM0MlMkZhJTNFJTNDJTJGc3BhbiUzRQ==[\/vc_raw_html]<div class=\"edgtf-numbered-title\">\n\t<div class=\"edgtf-nt-number\" >\n\t\t<span>\n\t\t\t13\t\t<\/span>\n\t<\/div>\n\t<div class=\"edgtf-nt-title-subtitle-holder\">\n\t\t<h3 class=\"edgtf-nt-title\" >\n\t\t\tRADIOFREQUENZ\t\t<\/h3>\n\t<\/div>\n<\/div>[vc_empty_space height=&#8220;20px&#8220;][vc_column_text]Mit Radiofrequenz erreichen wir sch\u00f6ne Ergebnisse und zwar straffe und glatte Haut am Gesicht, am Hals und Kehllappen.<\/p>\n<p>Wir empfehlen sie jedem, den die Falten und schlaffe Haut st\u00f6ren. Die Radiofrequenz wirkt effektiv gegen Falten.<\/p>\n<p>Dies ist eine nicht-invasive Technik, die Hochfrequenzenergie verwendet, und eine Erw\u00e4rmung der tieferen Schichten der Haut verursacht und die Entstehung neuer Kollagen-Fasern aktiviert. Die Ergebnisse sind folgende:<\/p>\n<ul>\n<li>Feste und flexible Haut am Hals und Gesicht<\/li>\n<li>Glatte Haut, ohne Falten und ein jugendliches Aussehen<\/li>\n<\/ul>\n<p>[\/vc_column_text][vc_empty_space height=&#8220;28px&#8220;][\/vc_column][\/vc_row]<\/p>","protected":false},"excerpt":{"rendered":"<p>[vc_row][vc_column width=&#8220;1\/2&#8243;][vc_empty_space height=&#8220;28px&#8220;][vc_raw_html]JTNDc3BhbiUyMGNsYXNzJTNEJTIyYW5jaG9yJTIyJTNFJTNDYSUyMGlkJTNEJTIycHVyZSUyMiUzRSUzQyUyRmElM0UlM0MlMkZzcGFuJTNF[\/vc_raw_html][vc_empty_space height=&#8220;20px&#8220;][vc_column_text]Mit der Gesichtsbehandlung PURE wird ihr Gesicht strahlen. Mit dieser Sch\u00f6nheitspflege werden alle Verunreinigungen entfernt und zwar unabh\u00e4ngig von der Art der Haut. Lassen Sie Ihre innere Sch\u00f6nheit nach au\u00dfen strahlen.[\/vc_column_text][vc_empty_space height=&#8220;28px&#8220;][vc_raw_html]JTNDc3BhbiUyMGNsYXNzJTNEJTIyYW5jaG9yJTIyJTNFJTNDYSUyMGlkJTNEJTIyb3Nub3ZuYW5lZ2ElMjIlM0UlM0MlMkZhJTNFJTNDJTJGc3BhbiUzRQ==[\/vc_raw_html][vc_empty_space height=&#8220;20px&#8220;][vc_column_text]Mit der Grundbehandlung werden wir zuerst die Oberfl\u00e4che der Haut&#8230;<\/p>\n","protected":false},"author":1,"featured_media":0,"parent":0,"menu_order":0,"comment_status":"closed","ping_status":"closed","template":"","meta":[],"_links":{"self":[{"href":"https:\/\/www.centerveda.si\/at\/wp-json\/wp\/v2\/pages\/6541"}],"collection":[{"href":"https:\/\/www.centerveda.si\/at\/wp-json\/wp\/v2\/pages"}],"about":[{"href":"https:\/\/www.centerveda.si\/at\/wp-json\/wp\/v2\/types\/page"}],"author":[{"embeddable":true,"href":"https:\/\/www.centerveda.si\/at\/wp-json\/wp\/v2\/users\/1"}],"replies":[{"embeddable":true,"href":"https:\/\/www.centerveda.si\/at\/wp-json\/wp\/v2\/comments?post=6541"}],"version-history":[{"count":44,"href":"https:\/\/www.centerveda.si\/at\/wp-json\/wp\/v2\/pages\/6541\/revisions"}],"predecessor-version":[{"id":7498,"href":"https:\/\/www.centerveda.si\/at\/wp-json\/wp\/v2\/pages\/6541\/revisions\/7498"}],"wp:attachment":[{"href":"https:\/\/www.centerveda.si\/at\/wp-json\/wp\/v2\/media?parent=6541"}],"curies":[{"name":"wp","href":"https:\/\/api.w.org\/{rel}","templated":true}]}}