{"id":6467,"date":"2016-09-27T13:07:30","date_gmt":"2016-09-27T13:07:30","guid":{"rendered":"http:\/\/www.commaserver.com\/centerveda\/?page_id=6467"},"modified":"2018-11-15T13:43:33","modified_gmt":"2018-11-15T13:43:33","slug":"o-nas","status":"publish","type":"page","link":"https:\/\/www.centerveda.si\/at\/uber-uns\/","title":{"rendered":"\u00dcber uns"},"content":{"rendered":"<p>[vc_row][vc_column][vc_single_image image=&#8220;7245&#8243; img_size=&#8220;1200&#215;700&#8243; alignment=&#8220;center&#8220; style=&#8220;vc_box_outline&#8220; border_color=&#8220;white&#8220; css_animation=&#8220;top-to-bottom&#8220; el_class=&#8220;edgtf-hover-border&#8220;][vc_empty_space][vc_column_text]Unsere Mission ist es Ihnen zu helfen, sich besser zu f\u00fchlen.<\/p>\n<p>Mein Name ist Mateja Jurkas und ich habe mich in Slowenien sowie im Ausland ausgebildet. Ich will mein Wissen und meine Erfahrungen mit Ihnen teilen und Sie in meinem Zentrum verwenden, damit Sie noch gl\u00fccklicher und zufrieden mit ihrem Aussehen und Wohlbefinden werden.<\/p>\n<p>Das Geheimnis steckt in den Sch\u00f6nheits- und Entspannungsbehandlungen, die in einer Kombination mit renommierten Marken von Kosmetikprodukten f\u00fcr Hautpflege durchgef\u00fchrt werden.<\/p>\n<p>In dem Gesundheits- und Sch\u00f6nheitszentrum Veda sind alle willkommen, die Ihre geistige und k\u00f6rperliche Gesundheit und Ihr Wohlbefinden verbessern wollen und f\u00fcr diejenigen, die Ihre innere St\u00e4rken und Weisheit aufrechterhalten wollen.[\/vc_column_text][\/vc_column][\/vc_row]<\/p>","protected":false},"excerpt":{"rendered":"<p>[vc_row][vc_column][vc_single_image image=&#8220;7245&#8243; img_size=&#8220;1200&#215;700&#8243; alignment=&#8220;center&#8220; style=&#8220;vc_box_outline&#8220; border_color=&#8220;white&#8220; css_animation=&#8220;top-to-bottom&#8220; el_class=&#8220;edgtf-hover-border&#8220;][vc_empty_space][vc_column_text]Unsere Mission ist es Ihnen zu helfen, sich besser zu f\u00fchlen. Mein Name ist Mateja Jurkas und ich habe mich in Slowenien sowie im Ausland ausgebildet. Ich will mein Wissen und meine Erfahrungen mit Ihnen teilen und Sie&#8230;<\/p>\n","protected":false},"author":1,"featured_media":0,"parent":0,"menu_order":0,"comment_status":"closed","ping_status":"closed","template":"","meta":[],"_links":{"self":[{"href":"https:\/\/www.centerveda.si\/at\/wp-json\/wp\/v2\/pages\/6467"}],"collection":[{"href":"https:\/\/www.centerveda.si\/at\/wp-json\/wp\/v2\/pages"}],"about":[{"href":"https:\/\/www.centerveda.si\/at\/wp-json\/wp\/v2\/types\/page"}],"author":[{"embeddable":true,"href":"https:\/\/www.centerveda.si\/at\/wp-json\/wp\/v2\/users\/1"}],"replies":[{"embeddable":true,"href":"https:\/\/www.centerveda.si\/at\/wp-json\/wp\/v2\/comments?post=6467"}],"version-history":[{"count":27,"href":"https:\/\/www.centerveda.si\/at\/wp-json\/wp\/v2\/pages\/6467\/revisions"}],"predecessor-version":[{"id":7665,"href":"https:\/\/www.centerveda.si\/at\/wp-json\/wp\/v2\/pages\/6467\/revisions\/7665"}],"wp:attachment":[{"href":"https:\/\/www.centerveda.si\/at\/wp-json\/wp\/v2\/media?parent=6467"}],"curies":[{"name":"wp","href":"https:\/\/api.w.org\/{rel}","templated":true}]}}