{"id":6456,"date":"2016-09-26T15:42:48","date_gmt":"2016-09-26T15:42:48","guid":{"rendered":"http:\/\/www.commaserver.com\/centerveda\/?page_id=6456"},"modified":"2018-05-22T17:07:08","modified_gmt":"2018-05-22T17:07:08","slug":"domov","status":"publish","type":"page","link":"https:\/\/www.centerveda.si\/at\/","title":{"rendered":"Domov"},"content":{"rendered":"<p>[vc_row][vc_column][vc_raw_html]JTNDZGl2JTIwY2xhc3MlM0QlMjJzbGlkZXItcmF6bWlrJTIyJTNFJTIwJTNDJTJGZGl2JTNF[\/vc_raw_html][rev_slider_vc alias=&#8220;centervedaat&#8220;][\/vc_column][\/vc_row][vc_row content_width=&#8220;grid&#8220;][vc_column][vc_empty_space height=&#8220;0&#8243; css=&#8220;.vc_custom_1460728731767{margin-top: -53px !important;}&#8220;]\t<div class=\"edgtf-call-to-action normal\" style=\"background: -webkit-linear-gradient(left,#c0954b,#e7bd74);background: -o-linear-gradient(right,#c0954b,#e7bd74);background: -moz-linear-gradient(right,#c0954b,#e7bd74);background: linear-gradient(to right,#c0954b,#e7bd74);\">\n\t\t<div class=\"edgtf-call-to-action-inset\" style=\"border-color:#ffffff\"><\/div>\n\t\t\t\t<div class=\"edgtf-container-inner\">\n\t\t\n\t\t\t<div class=\"edgtf-call-to-action-together\" style=\"padding: 38px 15px;text-align:center\">\n\t\t\t\t<div class=\"edgtf-text-wrapper edgtf-call-to-action-column1 edgtf-call-to-action-cell\">\n\t\t\t\t\t\t\t\t\t<div class=\"edgtf-call-to-action-text\" style=\"font-size: 18px;color: #ffffff\">Ein Besuch des Veda-Zentrums wirkt als eine Erholung f\u00fcr Ihren K\u00f6rper und Seele.<\/div>\n\t\t\t\t<\/div>\n\n\t\t\t\t\t\t\t\t\t<div class=\"edgtf-button-wrapper edgtf-call-to-action-column2 edgtf-call-to-action-cell\" style =\"text-align: right ;\">\n\t\t\t\t\t\t<a href=\"https:\/\/www.centerveda.si\/at\/kontakt\/#mapa\" target=\"_self\" style=\"color: #ffffff\" class=\"edgtf-btn edgtf-btn-medium edgtf-btn-outline edgtf-has-hover edgtf-btn-custom-hover-color edgtf-btn-icon\" data-hover-color=\"#ffffff\" >    <span class=\"edgtf-btn-text\">Wo Finden Sie Uns<\/span><span aria-hidden=\"true\" class=\"edgtf-icon-font-elegant arrow_right edgtf-btn-icon-holder\" style=\"\" ><\/span>    <span class=\"edgtf-btn-background-holder\" style=\"border: 1px solid #ffffff\"><\/span>    <span class=\"edgtf-btn-background-hover-holder\" style=\"background: none;background-color: #313131;border: 1px solid #313131\"><\/span><\/a>\t\t\t\t\t<\/div>\n\t\t\t\t\t\t\t<\/div>\n\t\t\t\t<\/div>\n\t\t\t<\/div>\n[\/vc_column][\/vc_row][vc_row content_width=&#8220;grid&#8220; content_aligment=&#8220;center&#8220; css=&#8220;.vc_custom_1460631739282{padding-top: 104px !important;padding-bottom: 69px !important;}&#8220;][vc_column][vc_column_text]<\/p>\n<h2>WILLKOMMEN IM ZENTRUM DER GESUNDHEIT UND SCH\u00d6NHEIT VEDA<\/h2>\n<p>[\/vc_column_text][vc_empty_space height=&#8220;15px&#8220;]\n<p class=\"edgtf-section-subtitle vc_custom_1479299895368\" style=\"text-align:center\">\n\tIm Zentrum der Gesundheit- und Sch\u00f6nheit Veda werden Sie einheitlich behandelt und unterst\u00fctzt. Wir sorgen f\u00fcr Ihre geistige und k\u00f6rperliche Gesundheit und nicht zu vergessen f\u00fcr ein hervorragendes Aussehen. Wir verwenden erstklassige und moderne Technik, mit der wir Hochqualit\u00e4t in der Pflege des Gesichts- und K\u00f6rperpflege f\u00f6rdern. <\/p>[vc_empty_space height=&#8220;23px&#8220;]\n<p class=\"edgtf-section-subtitle vc_custom_1479299949873\" style=\"text-align:center\">\n\tWir bieten Ihnen Pflegeleistungen mit der annerkannten BABOR Kosmetik an, und somit wird die Natur mit der innovativen Kosmetikwissenschaft und Produktion von professionellen Produkten f\u00fcr die Haurpflege verbunden. Diese Kosmetikprodukte erreichen die h\u00f6chsten Standards an Qualit\u00e4t und Effizienz. <\/p>[vc_empty_space height=&#8220;23px&#8220;]\n<p class=\"edgtf-section-subtitle vc_custom_1479299928911\" style=\"text-align:center\">\n\tWenn Sie noch mehr Wohlbefiden und Vitalit\u00e4t wollen, g\u00f6nnen Sie sich unsere Energie-Therapien, die Ihnen helfen Gleichgewicht erneut zu erreichen und ein besseres Leben zu f\u00fchren. <\/p><div class=\"edgtf-separator-holder clearfix  edgtf-separator-center\">\n\t<div class=\"edgtf-separator\" style=\"border-color: #e7bd74;border-style: solid;width: 50px;border-bottom-width: 1px;margin-top: 16px;margin-bottom: 16px\"><\/div>\n<\/div>\n[\/vc_column][\/vc_row][vc_row][vc_column]<div class=\"edgtf-elements-holder edgtf-three-columns edgtf-responsive-mode-768\" ><div class=\"edgtf-elements-holder-item edgtf-inside-border edgtf-animate-border\"  style=\"border-color:rgba(242,242,242,0.9)\">\n\t<div class=\"edgtf-elements-holder-item-background\" style=\"background-image: url(https:\/\/www.centerveda.si\/wp-content\/uploads\/2016\/10\/veda-final-353.jpg)\"><\/div>\n\t<div class=\"edgtf-elements-holder-item-inner\">\n\t\t<div class=\"edgtf-elements-holder-item-content edgtf-elements-holder-custom-484160\" style=\"padding: 16.5% 10% 11.5% 11.5%\">\n\t\t\t\t\t\t[vc_column_text]<\/p>\n<h3><span style=\"color: #f8f8f8;\">REGENERATION<\/span><\/h3>\n<p>[\/vc_column_text][vc_empty_space height=&#8220;15px&#8220;][vc_column_text]<span style=\"color: #f8f8f8;\">Wenn Sie psychisches, k\u00f6rperliches und geistiges Gleichgewicht wollen, w\u00e4hlen Sie das Beste f\u00fcr sich. Erholung und Rehabilitation im Kristallbett.<\/span>[\/vc_column_text][vc_empty_space height=&#8220;27px&#8220;]<a href=\"https:\/\/www.centerveda.si\/at\/kristallbett-behandlung\/\" target=\"_self\" style=\"color: #ffffff\" class=\"edgtf-btn edgtf-btn-medium edgtf-btn-outline edgtf-has-hover edgtf-btn-custom-hover-color\" data-hover-color=\"#313131\" >\n    <span class=\"edgtf-btn-text\">KRISTALLBETT<\/span>    <span class=\"edgtf-btn-background-holder\" style=\"border: 1px solid #ffffff\"><\/span>\n    <span class=\"edgtf-btn-background-hover-holder\" style=\"background: none;background-color: #ffffff;border: 1px solid #ffffff\"><\/span>\n<\/a>\t\t\t\t\t<\/div>\n\t<\/div>\n<\/div><div class=\"edgtf-elements-holder-item edgtf-inside-border edgtf-animate-border\"  style=\"border-color:rgba(242,242,242,0.9)\">\n\t<div class=\"edgtf-elements-holder-item-background\" style=\"background: -webkit-linear-gradient(left,#c0954b,#e7bd74);background: -o-linear-gradient(right,#c0954b,#e7bd74);background: -moz-linear-gradient(right,#c0954b,#e7bd74);background: linear-gradient(to right,#c0954b,#e7bd74);\"><\/div>\n\t<div class=\"edgtf-elements-holder-item-inner\">\n\t\t<div class=\"edgtf-elements-holder-item-content edgtf-elements-holder-custom-115941\" style=\"padding: 16.5% 10% 11.5% 11.5%\">\n\t\t\t\t\t\t[vc_column_text]<\/p>\n<h3><span style=\"color: #f8f8f8;\">DAUERHAFTE DEPILATION <\/span><\/h3>\n<p>[\/vc_column_text][vc_empty_space height=&#8220;17px&#8220;][vc_column_text]<span style=\"color: #f8f8f8;\">F\u00fcr eine noch feinere und glatte Haut empfehlen wir die neuste Technologie mit Energielichtstrahlen, die permanent die gesamte Struktur des Haares sowie die Haarzelle zerst\u00f6rt. Die Haut wird nich besch\u00e4digt.<\/span>[\/vc_column_text][vc_empty_space height=&#8220;27px&#8220;]<a href=\"https:\/\/www.centerveda.si\/at\/lasertechnikbehandlung\/\" target=\"_self\" style=\"color: #ffffff\" class=\"edgtf-btn edgtf-btn-medium edgtf-btn-outline edgtf-has-hover edgtf-btn-custom-hover-color\" data-hover-color=\"#313131\" >\n    <span class=\"edgtf-btn-text\">LASERPFLEGE<\/span>    <span class=\"edgtf-btn-background-holder\" style=\"border: 1px solid #ffffff\"><\/span>\n    <span class=\"edgtf-btn-background-hover-holder\" style=\"background: none;background-color: #ffffff;border: 1px solid #ffffff\"><\/span>\n<\/a>\t\t\t\t\t<\/div>\n\t<\/div>\n<\/div><div class=\"edgtf-elements-holder-item edgtf-inside-border edgtf-animate-border\"  style=\"border-color:rgba(242,242,242,0.9)\">\n\t<div class=\"edgtf-elements-holder-item-background\" style=\"background-image: url(https:\/\/www.centerveda.si\/wp-content\/uploads\/2016\/09\/veda-final-76.jpg)\"><\/div>\n\t<div class=\"edgtf-elements-holder-item-inner\">\n\t\t<div class=\"edgtf-elements-holder-item-content edgtf-elements-holder-custom-705022\" style=\"padding: 16.5% 10% 11.5% 11.5%\">\n\t\t\t\t\t\t[vc_column_text]<\/p>\n<h3><span style=\"color: #f8f8f8;\">THERAPIEN GEGEN \u00dcBERGEWICHT<\/span><\/h3>\n<p>[\/vc_column_text][vc_empty_space height=&#8220;15px&#8220;][vc_column_text]<span style=\"color: #f8f8f8;\">Aromawickel ist eine Tiefreinigungstherapie mit Verb\u00e4nden, die effektiv Wassereinlagerungen im K\u00f6rper, H\u00e4matome und schleche Blutzirkulation im K\u00f6rper eliminiert.<\/span>[\/vc_column_text][vc_empty_space height=&#8220;27px&#8220;]<a href=\"https:\/\/www.centerveda.si\/at\/korperpflege\/#anticelulutnitretmani\" target=\"_self\" style=\"color: #ffffff\" class=\"edgtf-btn edgtf-btn-medium edgtf-btn-outline edgtf-has-hover edgtf-btn-custom-hover-color\" data-hover-color=\"#313131\" >\n    <span class=\"edgtf-btn-text\">ANTI-CELLULITE-BEHANDLUNG<\/span>    <span class=\"edgtf-btn-background-holder\" style=\"border: 1px solid #ffffff\"><\/span>\n    <span class=\"edgtf-btn-background-hover-holder\" style=\"background: none;background-color: #ffffff;border: 1px solid #ffffff\"><\/span>\n<\/a>\t\t\t\t\t<\/div>\n\t<\/div>\n<\/div><\/div>[\/vc_column][\/vc_row][vc_row content_width=&#8220;grid&#8220; content_aligment=&#8220;center&#8220; css=&#8220;.vc_custom_1475085548095{padding-top: 104px !important;padding-bottom: 69px !important;}&#8220;][vc_column][vc_empty_space height=&#8220;15px&#8220;][vc_column_text]<\/p>\n<h2>GUTSCHEINE<\/h2>\n<p>[\/vc_column_text][vc_empty_space height=&#8220;15px&#8220;][vc_single_image image=&#8220;6782&#8243; img_size=&#8220;600&#215;150&#8243; alignment=&#8220;center&#8220; style=&#8220;vc_box_outline&#8220; border_color=&#8220;white&#8220; onclick=&#8220;custom_link&#8220; link=&#8220;http:\/\/www.centerveda.si\/at\/kontakt\/&#8220;][vc_empty_space height=&#8220;23px&#8220;]\n<p class=\"edgtf-section-subtitle vc_custom_1479301374981\" style=\"text-align:center\">\n\tErfreuen Sie diejenigen, dennen Sie Wert schetzen und Ihnen viel bedeuten! Teilen Sie Ihre Liebe und ermutigen Sie Ihre Freunde, Familie und Kollegen, dass Sie sich f\u00fcr sich k\u00fcmmern.<\/p>[vc_empty_space height=&#8220;15px&#8220;]<a href=\"https:\/\/www.centerveda.si\/at\/kontakt\/\" target=\"_self\"  class=\"edgtf-btn edgtf-btn-medium edgtf-btn-transparent edgtf-btn-icon\"  >\n    <span class=\"edgtf-btn-text\">GUTSCHEIN BESTELLEN<\/span><i class=\"edgtf-icon-font-awesome fa fa-angle-right edgtf-btn-icon-holder\" style=\"\" ><\/i>    <span class=\"edgtf-btn-background-holder\" ><\/span>\n    <span class=\"edgtf-btn-background-hover-holder\" ><\/span>\n<\/a><div class=\"edgtf-separator-holder clearfix  edgtf-separator-center\">\n\t<div class=\"edgtf-separator\" style=\"border-color: #e7bd74;border-style: solid;width: 50px;border-bottom-width: 1px;margin-top: 16px;margin-bottom: 16px\"><\/div>\n<\/div>\n[\/vc_column][\/vc_row]<\/p>","protected":false},"excerpt":{"rendered":"<p>[vc_row][vc_column][vc_raw_html]JTNDZGl2JTIwY2xhc3MlM0QlMjJzbGlkZXItcmF6bWlrJTIyJTNFJTIwJTNDJTJGZGl2JTNF[\/vc_raw_html][rev_slider_vc alias=&#8220;centervedaat&#8220;][\/vc_column][\/vc_row][vc_row content_width=&#8220;grid&#8220;][vc_column][vc_empty_space height=&#8220;0&#8243; css=&#8220;.vc_custom_1460728731767{margin-top: -53px !important;}&#8220;][\/vc_column][\/vc_row][vc_row content_width=&#8220;grid&#8220; content_aligment=&#8220;center&#8220; css=&#8220;.vc_custom_1460631739282{padding-top: 104px !important;padding-bottom: 69px !important;}&#8220;][vc_column][vc_column_text] WILLKOMMEN IM ZENTRUM DER GESUNDHEIT UND SCH\u00d6NHEIT VEDA [\/vc_column_text][vc_empty_space height=&#8220;15px&#8220;][vc_empty_space height=&#8220;23px&#8220;][vc_empty_space height=&#8220;23px&#8220;][\/vc_column][\/vc_row][vc_row][vc_column][\/vc_column][\/vc_row][vc_row content_width=&#8220;grid&#8220; content_aligment=&#8220;center&#8220; css=&#8220;.vc_custom_1475085548095{padding-top: 104px !important;padding-bottom: 69px !important;}&#8220;][vc_column][vc_empty_space height=&#8220;15px&#8220;][vc_column_text] GUTSCHEINE [\/vc_column_text][vc_empty_space height=&#8220;15px&#8220;][vc_single_image image=&#8220;6782&#8243; img_size=&#8220;600&#215;150&#8243; alignment=&#8220;center&#8220; style=&#8220;vc_box_outline&#8220; border_color=&#8220;white&#8220; onclick=&#8220;custom_link&#8220; link=&#8220;http:\/\/www.centerveda.si\/at\/kontakt\/&#8220;][vc_empty_space height=&#8220;23px&#8220;][vc_empty_space&#8230;<\/p>\n","protected":false},"author":1,"featured_media":0,"parent":0,"menu_order":0,"comment_status":"closed","ping_status":"closed","template":"full-width.php","meta":[],"_links":{"self":[{"href":"https:\/\/www.centerveda.si\/at\/wp-json\/wp\/v2\/pages\/6456"}],"collection":[{"href":"https:\/\/www.centerveda.si\/at\/wp-json\/wp\/v2\/pages"}],"about":[{"href":"https:\/\/www.centerveda.si\/at\/wp-json\/wp\/v2\/types\/page"}],"author":[{"embeddable":true,"href":"https:\/\/www.centerveda.si\/at\/wp-json\/wp\/v2\/users\/1"}],"replies":[{"embeddable":true,"href":"https:\/\/www.centerveda.si\/at\/wp-json\/wp\/v2\/comments?post=6456"}],"version-history":[{"count":82,"href":"https:\/\/www.centerveda.si\/at\/wp-json\/wp\/v2\/pages\/6456\/revisions"}],"predecessor-version":[{"id":7647,"href":"https:\/\/www.centerveda.si\/at\/wp-json\/wp\/v2\/pages\/6456\/revisions\/7647"}],"wp:attachment":[{"href":"https:\/\/www.centerveda.si\/at\/wp-json\/wp\/v2\/media?parent=6456"}],"curies":[{"name":"wp","href":"https:\/\/api.w.org\/{rel}","templated":true}]}}